{"id":1030,"date":"2026-02-19T16:33:45","date_gmt":"2026-02-19T16:33:45","guid":{"rendered":"https:\/\/gandulcreations.com\/?page_id=1030"},"modified":"2026-02-20T17:35:41","modified_gmt":"2026-02-20T17:35:41","slug":"blogs","status":"publish","type":"page","link":"https:\/\/gandulcreations.com\/?page_id=1030","title":{"rendered":"La cortes\u00eda mejora a ChatGPT"},"content":{"rendered":"\t\t<div data-elementor-type=\"wp-page\" data-elementor-id=\"1030\" class=\"elementor elementor-1030\">\n\t\t\t\t<div class=\"elementor-element elementor-element-268a671f e-con-full e-flex e-con e-parent\" data-id=\"268a671f\" data-element_type=\"container\" data-e-type=\"container\" data-settings=\"{&quot;background_background&quot;:&quot;classic&quot;}\">\n\t\t\t\t<div class=\"elementor-element elementor-element-69624342 animated-fast elementor-invisible elementor-widget elementor-widget-heading\" data-id=\"69624342\" data-element_type=\"widget\" data-e-type=\"widget\" data-settings=\"{&quot;_animation&quot;:&quot;fadeInUp&quot;}\" data-widget_type=\"heading.default\">\n\t\t\t\t\t<h1 class=\"elementor-heading-title elementor-size-default\">Articulos Gandul<\/h1>\t\t\t\t<\/div>\n\t\t\t\t<\/div>\n\t\t<div class=\"elementor-element elementor-element-6366f30 e-con-full e-flex e-con e-parent\" data-id=\"6366f30\" data-element_type=\"container\" data-e-type=\"container\">\n\t\t\t\t<div class=\"elementor-element elementor-element-48a79a4 elementor-widget elementor-widget-heading\" data-id=\"48a79a4\" data-element_type=\"widget\" data-e-type=\"widget\" data-widget_type=\"heading.default\">\n\t\t\t\t\t<h2 class=\"elementor-heading-title elementor-size-default\">Actualidad<\/h2>\t\t\t\t<\/div>\n\t\t\t\t<\/div>\n\t\t<div class=\"elementor-element elementor-element-3a73f58 e-con-full e-flex e-con e-parent\" data-id=\"3a73f58\" data-element_type=\"container\" data-e-type=\"container\">\n\t\t\t\t<div class=\"elementor-element elementor-element-4a815e3 elementor-widget elementor-widget-heading\" data-id=\"4a815e3\" data-element_type=\"widget\" data-e-type=\"widget\" data-widget_type=\"heading.default\">\n\t\t\t\t\t<h2 class=\"elementor-heading-title elementor-size-default\">\u201cUsar \u2018gracias\u2019 y \u2018por favor\u2019 ayuda a que ChatGPT responda mejor.\u201d<\/h2>\t\t\t\t<\/div>\n\t\t\t\t<\/div>\n\t\t<div class=\"elementor-element elementor-element-6d0cc3c e-con-full e-flex e-con e-parent\" data-id=\"6d0cc3c\" data-element_type=\"container\" data-e-type=\"container\">\n\t\t<div class=\"elementor-element elementor-element-de9df70 e-con-full e-flex e-con e-child\" data-id=\"de9df70\" data-element_type=\"container\" data-e-type=\"container\">\n\t\t\t\t<div class=\"elementor-element elementor-element-b25dde6 elementor-widget elementor-widget-image\" data-id=\"b25dde6\" data-element_type=\"widget\" data-e-type=\"widget\" data-widget_type=\"image.default\">\n\t\t\t\t\t\t\t\t\t\t\t\t\t\t\t<img fetchpriority=\"high\" decoding=\"async\" width=\"1024\" height=\"427\" src=\"https:\/\/gandulcreations.com\/wp-content\/uploads\/2026\/02\/chat-gpt-imagen-1024x427.webp\" class=\"attachment-large size-large wp-image-1105\" alt=\"\" srcset=\"https:\/\/gandulcreations.com\/wp-content\/uploads\/2026\/02\/chat-gpt-imagen-1024x427.webp 1024w, https:\/\/gandulcreations.com\/wp-content\/uploads\/2026\/02\/chat-gpt-imagen-300x125.webp 300w, https:\/\/gandulcreations.com\/wp-content\/uploads\/2026\/02\/chat-gpt-imagen-768x320.webp 768w, https:\/\/gandulcreations.com\/wp-content\/uploads\/2026\/02\/chat-gpt-imagen-24x10.webp 24w, https:\/\/gandulcreations.com\/wp-content\/uploads\/2026\/02\/chat-gpt-imagen-36x15.webp 36w, https:\/\/gandulcreations.com\/wp-content\/uploads\/2026\/02\/chat-gpt-imagen-48x20.webp 48w, https:\/\/gandulcreations.com\/wp-content\/uploads\/2026\/02\/chat-gpt-imagen.webp 1536w\" sizes=\"(max-width: 1024px) 100vw, 1024px\" \/>\t\t\t\t\t\t\t\t\t\t\t\t\t\t\t<\/div>\n\t\t\t\t<\/div>\n\t\t\t\t<\/div>\n\t\t<div class=\"elementor-element elementor-element-e4005b7 e-con-full e-flex e-con e-parent\" data-id=\"e4005b7\" data-element_type=\"container\" data-e-type=\"container\">\n\t\t<div class=\"elementor-element elementor-element-5b94b5e e-con-full e-flex e-con e-child\" data-id=\"5b94b5e\" data-element_type=\"container\" data-e-type=\"container\">\n\t\t\t\t<div class=\"elementor-element elementor-element-46dc14b elementor-widget__width-initial elementor-widget elementor-widget-text-editor\" data-id=\"46dc14b\" data-element_type=\"widget\" data-e-type=\"widget\" data-widget_type=\"text-editor.default\">\n\t\t\t\t\t\t\t\t\t<p>Un estudio sugiere que el lenguaje cort\u00e9s influye en la calidad de las respuestas que ofrece la inteligencia artificial, incluso si no tiene emociones. Expresiones tan simples como \u201cgracias\u201d y \u201cpor favor\u201d al usar ChatGPT pueden marcar una diferencia real. Investigaciones realizadas por la\u00a0<span class=\"hover:entity-accent entity-underline inline cursor-pointer align-baseline\"><span class=\"whitespace-normal\">Universidad Carnegie Mellon<\/span><\/span>\u00a0y la\u00a0<span class=\"hover:entity-accent entity-underline inline cursor-pointer align-baseline\"><span class=\"whitespace-normal\">Universidad de Washington<\/span><\/span>\u00a0indican que tratar con cortes\u00eda a la inteligencia artificial mejora la claridad y precisi\u00f3n de sus respuestas. Aunque estos modelos no sienten emociones, generan respuestas m\u00e1s estructuradas cuando las solicitudes son amables.<\/p>\t\t\t\t\t\t\t\t<\/div>\n\t\t\t\t<\/div>\n\t\t\t\t<\/div>\n\t\t<div class=\"elementor-element elementor-element-46500a3 e-con-full e-flex e-con e-parent\" data-id=\"46500a3\" data-element_type=\"container\" data-e-type=\"container\">\n\t\t\t\t<div class=\"elementor-element elementor-element-9dcf395 elementor-widget elementor-widget-heading\" data-id=\"9dcf395\" data-element_type=\"widget\" data-e-type=\"widget\" data-widget_type=\"heading.default\">\n\t\t\t\t\t<h2 class=\"elementor-heading-title elementor-size-default\"><a href=\"https:\/\/gandulcreations.com\/\">\u00bfCu\u00e1nto cuesta una maqueta en Quito Ecuador?<\/a><\/h2>\t\t\t\t<\/div>\n\t\t\t\t<\/div>\n\t\t<div class=\"elementor-element elementor-element-b3156cc e-con-full e-flex e-con e-parent\" data-id=\"b3156cc\" data-element_type=\"container\" data-e-type=\"container\">\n\t\t<div class=\"elementor-element elementor-element-056a513 e-con-full e-flex e-con e-child\" data-id=\"056a513\" data-element_type=\"container\" data-e-type=\"container\">\n\t\t\t\t<div class=\"elementor-element elementor-element-3a72969 elementor-widget__width-initial elementor-widget elementor-widget-text-editor\" data-id=\"3a72969\" data-element_type=\"widget\" data-e-type=\"widget\" data-widget_type=\"text-editor.default\">\n\t\t\t\t\t\t\t\t\t<h3 data-start=\"1093\" data-end=\"1148\">El contexto influye en la calidad de las respuestas.<\/h3>\n<p data-start=\"1150\" data-end=\"1405\">Aunque la inteligencia artificial procesa datos y patrones, el lenguaje que utilizamos modifica el resultado. Esto se debe a que modelos como ChatGPT funcionan a partir del contexto sem\u00e1ntico: identifican intenciones, estructuras y formas de comunicaci\u00f3n.<br><span style=\"font-style: inherit; font-weight: inherit;\"><br>Cuando se emplean frases como \u201cgracias\u201d y \u201cpor favor\u201d, el modelo asocia el mensaje con ejemplos de comunicaci\u00f3n clara y respetuosa, lo que favorece respuestas m\u00e1s elaboradas. Esta relaci\u00f3n surge del entrenamiento en grandes vol\u00famenes de lenguaje natural.<\/span><br><\/p>\t\t\t\t\t\t\t\t<\/div>\n\t\t\t\t<\/div>\n\t\t\t\t<\/div>\n\t\t<div class=\"elementor-element elementor-element-26857fa e-con-full e-flex e-con e-parent\" data-id=\"26857fa\" data-element_type=\"container\" data-e-type=\"container\">\n\t\t<div class=\"elementor-element elementor-element-aefab30 e-con-full e-flex e-con e-child\" data-id=\"aefab30\" data-element_type=\"container\" data-e-type=\"container\">\n\t\t\t\t<div class=\"elementor-element elementor-element-d3b7919 elementor-widget elementor-widget-text-editor\" data-id=\"d3b7919\" data-element_type=\"widget\" data-e-type=\"widget\" data-widget_type=\"text-editor.default\">\n\t\t\t\t\t\t\t\t\t<h3 data-start=\"1663\" data-end=\"1713\">Peticiones bien formuladas, mejores resultados<\/h3><p data-start=\"1715\" data-end=\"2041\">Los investigadores explican que el efecto no se produce por emociones, sino porque las frases corteses suelen estar mejor redactadas. Una instrucci\u00f3n directa como \u201cExplica esto\u201d puede resultar ambigua. En cambio, \u201c\u00bfPodr\u00edas explicarlo con un ejemplo, por favor?\u201d aporta mayor contexto y facilita una respuesta de mejor calidad.<br \/><span style=\"font-style: inherit;\"><span style=\"color: #1e293b; font-family: Rubik, sans-serif;\"><span style=\"font-size: 1.76471rem; letter-spacing: -0.5px;\"><b>Impacto del lenguaje cort\u00e9s en la interacci\u00f3n con la IA<\/b><\/span><span style=\"font-size: 30.0001px; letter-spacing: -0.5px;\"><b><br \/><\/b><\/span><\/span><\/span><span style=\"font-style: inherit; font-weight: inherit;\"><br \/>El uso de lenguaje estructurado y amable tiene implicaciones pr\u00e1cticas en \u00e1reas como la educaci\u00f3n, la atenci\u00f3n al cliente y la creaci\u00f3n de contenido. Ense\u00f1ar a formular solicitudes claras no solo promueve una mejor convivencia digital, sino que tambi\u00e9n optimiza los resultados obtenidos mediante inteligencia artificial.<br \/><\/span><span style=\"font-style: inherit; font-weight: inherit;\"><br \/>En entornos donde se depende de estos sistemas para recibir informaci\u00f3n \u00fatil, peque\u00f1os cambios en la forma de redactar pueden marcar una diferencia significativa.<\/span><span style=\"font-style: inherit; font-weight: inherit;\"><br \/><\/span><\/p>\t\t\t\t\t\t\t\t<\/div>\n\t\t\t\t<\/div>\n\t\t\t\t<\/div>\n\t\t<div class=\"elementor-element elementor-element-e8abc24 e-con-full e-flex e-con e-parent\" data-id=\"e8abc24\" data-element_type=\"container\" data-e-type=\"container\">\n\t\t\t\t<div class=\"elementor-element elementor-element-b7b7195 elementor-widget elementor-widget-heading\" data-id=\"b7b7195\" data-element_type=\"widget\" data-e-type=\"widget\" data-widget_type=\"heading.default\">\n\t\t\t\t\t<h2 class=\"elementor-heading-title elementor-size-default\"><a href=\"https:\/\/gandulcreations.com\/\">\u00bfNecesitas una maqueta urgente en Ecuador? Te ayudamos.<\/a><\/h2>\t\t\t\t<\/div>\n\t\t\t\t<\/div>\n\t\t<div class=\"elementor-element elementor-element-6857542 e-con-full e-flex e-con e-parent\" data-id=\"6857542\" data-element_type=\"container\" data-e-type=\"container\">\n\t\t<div class=\"elementor-element elementor-element-727d736 e-con-full e-flex e-con e-child\" data-id=\"727d736\" data-element_type=\"container\" data-e-type=\"container\">\n\t\t\t\t<div class=\"elementor-element elementor-element-dc3d246 elementor-widget elementor-widget-text-editor\" data-id=\"dc3d246\" data-element_type=\"widget\" data-e-type=\"widget\" data-widget_type=\"text-editor.default\">\n\t\t\t\t\t\t\t\t\t<h3 data-start=\"2590\" data-end=\"2639\">Comunicaci\u00f3n con IA: la forma tambi\u00e9n importa<\/h3>\n<p data-start=\"2641\" data-end=\"2830\">Aunque ChatGPT no tiene conciencia ni emociones, responde mejor a mensajes claros y bien estructurados. Decir \u201cpor favor\u201d no activa sentimientos, pero mejora la interpretaci\u00f3n del contexto.<br><span style=\"font-style: inherit; font-weight: inherit;\"><br>Este comportamiento no es exclusivo de ChatGPT; otros modelos de lenguaje tambi\u00e9n generan respuestas m\u00e1s precisas cuando las peticiones son espec\u00edficas y respetuosas.<br><\/span><span style=\"font-style: inherit; font-weight: inherit;\"><br>En un mundo donde la interacci\u00f3n con tecnolog\u00edas automatizadas es cada vez m\u00e1s frecuente, la cortes\u00eda digital se convierte en una estrategia efectiva. Usar \u201cgracias\u201d y \u201cpor favor\u201d no har\u00e1 que la inteligencia artificial sienta aprecio, pero s\u00ed puede ayudarte a obtener respuestas de mayor calidad en el d\u00eda a d\u00eda.<\/span><\/p>\t\t\t\t\t\t\t\t<\/div>\n\t\t\t\t<div class=\"elementor-element elementor-element-ecd396a elementor-widget elementor-widget-heading\" data-id=\"ecd396a\" data-element_type=\"widget\" data-e-type=\"widget\" data-widget_type=\"heading.default\">\n\t\t\t\t\t<h2 class=\"elementor-heading-title elementor-size-default\"><a href=\"https:\/\/gandulcreations.com\/\"><strong data-start=\"753\" data-end=\"829\">Maquetas, audio y video: la nueva forma de presentar proyectos escolares<\/strong><\/a><\/h2>\t\t\t\t<\/div>\n\t\t\t\t<\/div>\n\t\t\t\t<\/div>\n\t\t\t\t<\/div>\n\t\t","protected":false},"excerpt":{"rendered":"<p>Articulos Gandul Actualidad \u201cUsar \u2018gracias\u2019 y \u2018por favor\u2019 ayuda a que ChatGPT responda mejor.\u201d Un estudio sugiere que el lenguaje [&hellip;]<\/p>\n","protected":false},"author":1,"featured_media":0,"parent":0,"menu_order":0,"comment_status":"closed","ping_status":"closed","template":"","meta":{"_crdt_document":"","site-sidebar-layout":"no-sidebar","site-content-layout":"","ast-site-content-layout":"full-width-container","site-content-style":"default","site-sidebar-style":"default","ast-global-header-display":"","ast-banner-title-visibility":"","ast-main-header-display":"","ast-hfb-above-header-display":"","ast-hfb-below-header-display":"","ast-hfb-mobile-header-display":"","site-post-title":"disabled","ast-breadcrumbs-content":"","ast-featured-img":"disabled","footer-sml-layout":"","ast-disable-related-posts":"","theme-transparent-header-meta":"","adv-header-id-meta":"","stick-header-meta":"","header-above-stick-meta":"","header-main-stick-meta":"","header-below-stick-meta":"","astra-migrate-meta-layouts":"default","ast-page-background-enabled":"default","ast-page-background-meta":{"desktop":{"background-color":"var(--ast-global-color-5)","background-image":"","background-repeat":"repeat","background-position":"center center","background-size":"auto","background-attachment":"scroll","background-type":"","background-media":"","overlay-type":"","overlay-color":"","overlay-opacity":"","overlay-gradient":""},"tablet":{"background-color":"","background-image":"","background-repeat":"repeat","background-position":"center center","background-size":"auto","background-attachment":"scroll","background-type":"","background-media":"","overlay-type":"","overlay-color":"","overlay-opacity":"","overlay-gradient":""},"mobile":{"background-color":"","background-image":"","background-repeat":"repeat","background-position":"center center","background-size":"auto","background-attachment":"scroll","background-type":"","background-media":"","overlay-type":"","overlay-color":"","overlay-opacity":"","overlay-gradient":""}},"ast-content-background-meta":{"desktop":{"background-color":"var(--ast-global-color-4)","background-image":"","background-repeat":"repeat","background-position":"center center","background-size":"auto","background-attachment":"scroll","background-type":"","background-media":"","overlay-type":"","overlay-color":"","overlay-opacity":"","overlay-gradient":""},"tablet":{"background-color":"var(--ast-global-color-4)","background-image":"","background-repeat":"repeat","background-position":"center center","background-size":"auto","background-attachment":"scroll","background-type":"","background-media":"","overlay-type":"","overlay-color":"","overlay-opacity":"","overlay-gradient":""},"mobile":{"background-color":"var(--ast-global-color-4)","background-image":"","background-repeat":"repeat","background-position":"center center","background-size":"auto","background-attachment":"scroll","background-type":"","background-media":"","overlay-type":"","overlay-color":"","overlay-opacity":"","overlay-gradient":""}},"_joinchat":[],"footnotes":""},"class_list":["post-1030","page","type-page","status-publish","hentry"],"_hostinger_reach_plugin_has_subscription_block":false,"_hostinger_reach_plugin_is_elementor":false,"_links":{"self":[{"href":"https:\/\/gandulcreations.com\/index.php?rest_route=\/wp\/v2\/pages\/1030","targetHints":{"allow":["GET"]}}],"collection":[{"href":"https:\/\/gandulcreations.com\/index.php?rest_route=\/wp\/v2\/pages"}],"about":[{"href":"https:\/\/gandulcreations.com\/index.php?rest_route=\/wp\/v2\/types\/page"}],"author":[{"embeddable":true,"href":"https:\/\/gandulcreations.com\/index.php?rest_route=\/wp\/v2\/users\/1"}],"replies":[{"embeddable":true,"href":"https:\/\/gandulcreations.com\/index.php?rest_route=%2Fwp%2Fv2%2Fcomments&post=1030"}],"version-history":[{"count":106,"href":"https:\/\/gandulcreations.com\/index.php?rest_route=\/wp\/v2\/pages\/1030\/revisions"}],"predecessor-version":[{"id":1432,"href":"https:\/\/gandulcreations.com\/index.php?rest_route=\/wp\/v2\/pages\/1030\/revisions\/1432"}],"wp:attachment":[{"href":"https:\/\/gandulcreations.com\/index.php?rest_route=%2Fwp%2Fv2%2Fmedia&parent=1030"}],"curies":[{"name":"wp","href":"https:\/\/api.w.org\/{rel}","templated":true}]}}