{"id":1300,"date":"2026-02-20T15:35:58","date_gmt":"2026-02-20T15:35:58","guid":{"rendered":"https:\/\/gandulcreations.com\/?page_id=1300"},"modified":"2026-02-20T19:10:24","modified_gmt":"2026-02-20T19:10:24","slug":"el-iphone-17-pro-no-cuesta-lo-mismo-en-esfuerzo-mira-los-dias-de-trabajo-por-pais","status":"publish","type":"page","link":"https:\/\/gandulcreations.com\/?page_id=1300","title":{"rendered":"El verdadero costo del iPhone 17 Pro"},"content":{"rendered":"\t\t<div data-elementor-type=\"wp-page\" data-elementor-id=\"1300\" class=\"elementor elementor-1300\">\n\t\t\t\t<div class=\"elementor-element elementor-element-83cddbb e-con-full e-flex e-con e-parent\" data-id=\"83cddbb\" data-element_type=\"container\" data-e-type=\"container\" data-settings=\"{&quot;background_background&quot;:&quot;classic&quot;}\">\n\t\t\t\t<div class=\"elementor-element elementor-element-1e7462d9 animated-fast elementor-invisible elementor-widget elementor-widget-heading\" data-id=\"1e7462d9\" data-element_type=\"widget\" data-e-type=\"widget\" data-settings=\"{&quot;_animation&quot;:&quot;fadeInUp&quot;}\" data-widget_type=\"heading.default\">\n\t\t\t\t\t<h1 class=\"elementor-heading-title elementor-size-default\">Articulos Gandul<\/h1>\t\t\t\t<\/div>\n\t\t\t\t<\/div>\n\t\t<div class=\"elementor-element elementor-element-9d818e3 e-con-full e-flex e-con e-parent\" data-id=\"9d818e3\" data-element_type=\"container\" data-e-type=\"container\">\n\t\t\t\t<div class=\"elementor-element elementor-element-2a598ca elementor-widget elementor-widget-heading\" data-id=\"2a598ca\" data-element_type=\"widget\" data-e-type=\"widget\" data-widget_type=\"heading.default\">\n\t\t\t\t\t<h2 class=\"elementor-heading-title elementor-size-default\">Actualidad<\/h2>\t\t\t\t<\/div>\n\t\t\t\t<\/div>\n\t\t<div class=\"elementor-element elementor-element-844f344 e-con-full e-flex e-con e-parent\" data-id=\"844f344\" data-element_type=\"container\" data-e-type=\"container\">\n\t\t\t\t<div class=\"elementor-element elementor-element-ebf7406 elementor-widget elementor-widget-heading\" data-id=\"ebf7406\" data-element_type=\"widget\" data-e-type=\"widget\" data-widget_type=\"heading.default\">\n\t\t\t\t\t<h2 class=\"elementor-heading-title elementor-size-default\">El iPhone 17 Pro no cuesta lo mismo en esfuerzo: mira los d\u00edas de trabajo por pa\u00eds<\/h2>\t\t\t\t<\/div>\n\t\t\t\t<\/div>\n\t\t<div class=\"elementor-element elementor-element-bea85f4 e-flex e-con-boxed e-con e-parent\" data-id=\"bea85f4\" data-element_type=\"container\" data-e-type=\"container\">\n\t\t\t\t\t<div class=\"e-con-inner\">\n\t\t\t\t<div class=\"elementor-element elementor-element-9907686 elementor-widget elementor-widget-image\" data-id=\"9907686\" data-element_type=\"widget\" data-e-type=\"widget\" data-widget_type=\"image.default\">\n\t\t\t\t\t\t\t\t\t\t\t\t\t\t\t<img fetchpriority=\"high\" decoding=\"async\" width=\"1024\" height=\"683\" src=\"https:\/\/gandulcreations.com\/wp-content\/uploads\/2026\/02\/ChatGPT-Image-20-feb-2026-11_18_53-1024x683.png\" class=\"attachment-large size-large wp-image-1348\" alt=\"\" srcset=\"https:\/\/gandulcreations.com\/wp-content\/uploads\/2026\/02\/ChatGPT-Image-20-feb-2026-11_18_53-1024x683.png 1024w, https:\/\/gandulcreations.com\/wp-content\/uploads\/2026\/02\/ChatGPT-Image-20-feb-2026-11_18_53-300x200.png 300w, https:\/\/gandulcreations.com\/wp-content\/uploads\/2026\/02\/ChatGPT-Image-20-feb-2026-11_18_53-768x512.png 768w, https:\/\/gandulcreations.com\/wp-content\/uploads\/2026\/02\/ChatGPT-Image-20-feb-2026-11_18_53-24x16.png 24w, https:\/\/gandulcreations.com\/wp-content\/uploads\/2026\/02\/ChatGPT-Image-20-feb-2026-11_18_53-36x24.png 36w, https:\/\/gandulcreations.com\/wp-content\/uploads\/2026\/02\/ChatGPT-Image-20-feb-2026-11_18_53-48x32.png 48w, https:\/\/gandulcreations.com\/wp-content\/uploads\/2026\/02\/ChatGPT-Image-20-feb-2026-11_18_53.png 1536w\" sizes=\"(max-width: 1024px) 100vw, 1024px\" \/>\t\t\t\t\t\t\t\t\t\t\t\t\t\t\t<\/div>\n\t\t\t\t\t<\/div>\n\t\t\t\t<\/div>\n\t\t<div class=\"elementor-element elementor-element-0daa006 e-con-full e-flex e-con e-parent\" data-id=\"0daa006\" data-element_type=\"container\" data-e-type=\"container\">\n\t\t\t\t<div class=\"elementor-element elementor-element-3e61584 elementor-widget elementor-widget-text-editor\" data-id=\"3e61584\" data-element_type=\"widget\" data-e-type=\"widget\" data-widget_type=\"text-editor.default\">\n\t\t\t\t\t\t\t\t\t<p>Apple lanz\u00f3 el iPhone 17 Pro en 2025 como su modelo estrella, con mejoras en potencia y dise\u00f1o premium. M\u00e1s all\u00e1 de sus caracter\u00edsticas, el debate real est\u00e1 en el costo en relaci\u00f3n con el salario m\u00ednimo. Dependiendo del pa\u00eds, el esfuerzo para comprarlo cambia de forma radical.<\/p>\t\t\t\t\t\t\t\t<\/div>\n\t\t\t\t<\/div>\n\t\t<div class=\"elementor-element elementor-element-6bfe297 e-con-full e-flex e-con e-parent\" data-id=\"6bfe297\" data-element_type=\"container\" data-e-type=\"container\">\n\t\t<div class=\"elementor-element elementor-element-c6da2cd e-con-full e-flex e-con e-child\" data-id=\"c6da2cd\" data-element_type=\"container\" data-e-type=\"container\">\n\t\t\t\t<div class=\"elementor-element elementor-element-ff59192 animated-fast elementor-invisible elementor-widget elementor-widget-text-editor\" data-id=\"ff59192\" data-element_type=\"widget\" data-e-type=\"widget\" data-settings=\"{&quot;_animation&quot;:&quot;fadeInUp&quot;}\" data-widget_type=\"text-editor.default\">\n\t\t\t\t\t\t\t\t\t<table><thead><tr><th>Pa\u00eds<\/th><th>Precio aproximado<\/th><th>D\u00edas de trabajo<\/th><\/tr><\/thead><tbody><tr><td>\ud83c\uddfa\ud83c\uddf8 EE.UU.<\/td><td>USD 1.099<\/td><td>19 d\u00edas<\/td><\/tr><tr><td>\ud83c\udde8\ud83c\udde6 Canad\u00e1<\/td><td>CAD 1.599<\/td><td>11 d\u00edas<\/td><\/tr><tr><td>\ud83c\uddea\ud83c\uddf8 Espa\u00f1a<\/td><td>\u20ac1.319<\/td><td>33 d\u00edas<\/td><\/tr><tr><td>\ud83c\uddf2\ud83c\uddfd M\u00e9xico<\/td><td>$28.499 MXN<\/td><td>102 d\u00edas<\/td><\/tr><tr><td>\ud83c\udde8\ud83c\uddf4 Colombia<\/td><td>$6.449.000 COP<\/td><td>136 d\u00edas<\/td><\/tr><tr><td>\ud83c\udde6\ud83c\uddf7 Argentina<\/td><td>$2.499.999 ARS<\/td><td>194 d\u00edas<\/td><\/tr><tr><td>\ud83c\udde8\ud83c\uddf3 China<\/td><td>\u00a58.999<\/td><td>72 d\u00edas<\/td><\/tr><tr><td>\ud83c\udde6\ud83c\uddea Dub\u00e1i<\/td><td>AED 4.699<\/td><td>9 d\u00edas<\/td><\/tr><tr><td>\ud83c\uddfb\ud83c\uddea Venezuela<\/td><td>USD 1.799<\/td><td>337 d\u00edas<\/td><\/tr><tr><td>\ud83c\udde8\ud83c\uddfa Cuba<\/td><td>USD 1.800<\/td><td>Hasta 9.000 d\u00edas<\/td><\/tr><tr><td>\ud83c\uddea\ud83c\udde8 Ecuador<\/td><td>USD 1.700\u20131.800<\/td><td>+90 d\u00edas<\/td><\/tr><\/tbody><\/table>\t\t\t\t\t\t\t\t<\/div>\n\t\t\t\t<\/div>\n\t\t\t\t<\/div>\n\t\t<div class=\"elementor-element elementor-element-c735b8f e-con-full e-flex e-con e-parent\" data-id=\"c735b8f\" data-element_type=\"container\" data-e-type=\"container\">\n\t\t\t\t<div class=\"elementor-element elementor-element-73fe4f6 elementor-widget elementor-widget-heading\" data-id=\"73fe4f6\" data-element_type=\"widget\" data-e-type=\"widget\" data-widget_type=\"heading.default\">\n\t\t\t\t\t<h2 class=\"elementor-heading-title elementor-size-default\"><a href=\"https:\/\/gandulcreations.com\/\">Dise\u00f1o de propuestas visuales para tesis universitarias<\/a><\/h2>\t\t\t\t<\/div>\n\t\t\t\t<\/div>\n\t\t<div class=\"elementor-element elementor-element-b1969dd e-con-full e-flex e-con e-parent\" data-id=\"b1969dd\" data-element_type=\"container\" data-e-type=\"container\">\n\t\t<div class=\"elementor-element elementor-element-892ee69 e-con-full e-flex e-con e-child\" data-id=\"892ee69\" data-element_type=\"container\" data-e-type=\"container\">\n\t\t\t\t<div class=\"elementor-element elementor-element-0c0d60e elementor-widget elementor-widget-text-editor\" data-id=\"0c0d60e\" data-element_type=\"widget\" data-e-type=\"widget\" data-widget_type=\"text-editor.default\">\n\t\t\t\t\t\t\t\t\t<p data-start=\"585\" data-end=\"771\"><strong data-start=\"585\" data-end=\"603\">Estados Unidos<\/strong><br data-start=\"603\" data-end=\"606\" \/>El iPhone 17 Pro tiene un precio de USD 1 099. Con un salario m\u00ednimo federal de USD 7,25 por hora, un trabajador necesita unos 19 d\u00edas de trabajo para comprarlo.<br \/><span style=\"font-style: inherit;\" data-start=\"773\" data-end=\"783\"><b>Canad\u00e1<br \/><\/b><\/span><span style=\"font-style: inherit;\"><span style=\"font-weight: inherit;\">En Canad\u00e1 el precio es de CAD 1 599. Con un salario m\u00ednimo de CAD 17,60\/hora en Ontario, se requieren aproximadamente 11 d\u00edas de trabajo.<\/span><br \/><\/span><span style=\"font-style: inherit;\" data-start=\"929\" data-end=\"939\"><b>Espa\u00f1a<br \/><\/b><\/span><span style=\"font-style: inherit;\"><span style=\"font-weight: inherit;\">El precio en Apple Espa\u00f1a es de \u20ac1 319. Con un salario m\u00ednimo interprofesional de \u20ac1 184 al mes, representa alrededor de 33 d\u00edas de trabajo.<\/span><br \/><\/span><span style=\"font-style: inherit;\" data-start=\"1088\" data-end=\"1098\"><b>M\u00e9xico<br \/><\/b><\/span><span style=\"font-style: inherit;\"><span style=\"font-weight: inherit;\">En M\u00e9xico el costo oficial es de $28 499 MXN. Con un salario m\u00ednimo de $278,80 diarios, la compra implica cerca de 102 d\u00edas de trabajo.<\/span><br \/><\/span><span style=\"font-style: inherit;\" data-start=\"1242\" data-end=\"1254\"><b>Colombia<br \/><\/b><\/span><span style=\"font-style: inherit;\"><span style=\"font-weight: inherit;\">El iPhone 17 Pro se ofrece en $6 449 000 COP. Con un salario m\u00ednimo de $1 423 500 mensuales, se requieren 136 d\u00edas de trabajo.<\/span><br \/><\/span><span style=\"font-style: inherit;\"><b>Argentina<br \/><\/b><\/span><span style=\"font-style: inherit; font-weight: inherit;\">En Argentina el tel\u00e9fono cuesta alrededor de $2 499 999 ARS. Con un m\u00ednimo de $1 610 por hora, se necesitan 194 d\u00edas de trabajo.<\/span><\/p>\t\t\t\t\t\t\t\t<\/div>\n\t\t\t\t<\/div>\n\t\t<div class=\"elementor-element elementor-element-dbebd61 e-con-full e-flex e-con e-child\" data-id=\"dbebd61\" data-element_type=\"container\" data-e-type=\"container\">\n\t\t\t\t<div class=\"elementor-element elementor-element-0a922db elementor-widget elementor-widget-text-editor\" data-id=\"0a922db\" data-element_type=\"widget\" data-e-type=\"widget\" data-widget_type=\"text-editor.default\">\n\t\t\t\t\t\t\t\t\t<p data-start=\"1539\" data-end=\"1690\"><strong data-start=\"1539\" data-end=\"1548\">China<\/strong><br data-start=\"1548\" data-end=\"1551\">El precio en Apple China es de \u00a58 999. Con un salario m\u00ednimo aproximado de \u00a52 740\/mes en Shangh\u00e1i, se requieren unos 72 d\u00edas laborales.<br><span data-start=\"1692\" data-end=\"1701\" style=\"font-style: inherit;\"><b>Dub\u00e1i<br><\/b><\/span><span style=\"font-style: inherit;\"><span style=\"font-weight: inherit;\">El dispositivo cuesta AED 4 699. Aunque no hay salario m\u00ednimo legal, con un salario promedio mensual de AED 15 700, se necesitan 9 d\u00edas de trabajo.<\/span><br><\/span><span data-start=\"1866\" data-end=\"1879\" style=\"font-style: inherit;\"><b>Venezuela<br><\/b><\/span><span style=\"font-style: inherit;\"><span style=\"font-weight: inherit;\">El iPhone 17 Pro se vende desde USD 1 799. Con un ingreso m\u00ednimo integral de USD 160 mensuales, el c\u00e1lculo arroja alrededor de 337 d\u00edas de trabajo.<\/span><br><\/span><span data-start=\"2035\" data-end=\"2043\" style=\"font-style: inherit;\"><b>Cuba<br><\/b><\/span><span style=\"font-style: inherit;\"><span style=\"font-weight: inherit;\">El salario m\u00ednimo es de 2 100 CUP (equivalentes a unos USD 6\u201317). En el mercado informal, el iPhone 17 Pro ronda los USD 1 800, lo que significa entre 3 200 y 9 000 d\u00edas de trabajo, uno de los casos m\u00e1s extremos del mundo.<\/span><br><\/span><span data-start=\"2281\" data-end=\"2292\" style=\"font-style: inherit;\"><b>Ecuador<br><\/b><\/span><span style=\"font-style: inherit; font-weight: inherit;\">El salario b\u00e1sico unificado ronda los USD 470 al mes, el iPhone 17 Pro \u2014que en tiendas locales puede costar aproximadamente entre USD 1 700 y USD 1 800 o m\u00e1s, seg\u00fan modelo\u2014 requiere algo m\u00e1s de 3 meses de salario m\u00ednimo para adquirirlo (aproximadamente 2,3 salarios m\u00ednimos para el precio base del modelo).<\/span><\/p>\t\t\t\t\t\t\t\t<\/div>\n\t\t\t\t<\/div>\n\t\t\t\t<\/div>\n\t\t<div class=\"elementor-element elementor-element-a30c7f3 e-con-full e-flex e-con e-parent\" data-id=\"a30c7f3\" data-element_type=\"container\" data-e-type=\"container\" data-settings=\"{&quot;position&quot;:&quot;absolute&quot;}\">\n\t\t\t\t<div class=\"elementor-element elementor-element-c534372 elementor-widget__width-initial elementor-absolute elementor-widget elementor-widget-heading\" data-id=\"c534372\" data-element_type=\"widget\" data-e-type=\"widget\" data-settings=\"{&quot;_position&quot;:&quot;absolute&quot;}\" data-widget_type=\"heading.default\">\n\t\t\t\t\t<h2 class=\"elementor-heading-title elementor-size-default\"><a href=\"https:\/\/gandulcreations.com\/\">Maquetas escolares y universitarias personalizadas en Quito<\/a><\/h2>\t\t\t\t<\/div>\n\t\t\t\t<\/div>\n\t\t<div class=\"elementor-element elementor-element-2eda5a1 e-con-full e-flex e-con e-parent\" data-id=\"2eda5a1\" data-element_type=\"container\" data-e-type=\"container\">\n\t\t<div class=\"elementor-element elementor-element-eff7c78 e-con-full e-flex e-con e-child\" data-id=\"eff7c78\" data-element_type=\"container\" data-e-type=\"container\">\n\t\t\t\t<div class=\"elementor-element elementor-element-a9f348a elementor-widget elementor-widget-text-editor\" data-id=\"a9f348a\" data-element_type=\"widget\" data-e-type=\"widget\" data-widget_type=\"text-editor.default\">\n\t\t\t\t\t\t\t\t\t<h3 data-start=\"2671\" data-end=\"2722\">iPhone 17 Pro y el impacto en la vida diaria<\/h3><p data-start=\"2724\" data-end=\"2899\">En pa\u00edses como M\u00e9xico, Colombia o Argentina, el nuevo iPhone implica sacrificar meses de salario, convirti\u00e9ndolo en un bien aspiracional m\u00e1s que un producto de consumo masivo.<\/p>\t\t\t\t\t\t\t\t<\/div>\n\t\t\t\t<\/div>\n\t\t\t\t<\/div>\n\t\t<div class=\"elementor-element elementor-element-0e30667 e-con-full e-flex e-con e-parent\" data-id=\"0e30667\" data-element_type=\"container\" data-e-type=\"container\">\n\t\t\t\t<div class=\"elementor-element elementor-element-7d95764 elementor-absolute elementor-widget elementor-widget-heading\" data-id=\"7d95764\" data-element_type=\"widget\" data-e-type=\"widget\" data-settings=\"{&quot;_position&quot;:&quot;absolute&quot;}\" data-widget_type=\"heading.default\">\n\t\t\t\t\t<h2 class=\"elementor-heading-title elementor-size-default\"><a href=\"https:\/\/gandulcreations.com\/\">Servicio profesional de maquetas acad\u00e9micas en Quito<\/a><\/h2>\t\t\t\t<\/div>\n\t\t\t\t<\/div>\n\t\t<div class=\"elementor-element elementor-element-88cca78 e-con-full e-flex e-con e-parent\" data-id=\"88cca78\" data-element_type=\"container\" data-e-type=\"container\">\n\t\t<div class=\"elementor-element elementor-element-cb9ec80 e-con-full e-flex e-con e-child\" data-id=\"cb9ec80\" data-element_type=\"container\" data-e-type=\"container\">\n\t\t\t\t<div class=\"elementor-element elementor-element-bb82502 elementor-invisible elementor-widget elementor-widget-image\" data-id=\"bb82502\" data-element_type=\"widget\" data-e-type=\"widget\" data-settings=\"{&quot;_animation&quot;:&quot;fadeInLeft&quot;}\" data-widget_type=\"image.default\">\n\t\t\t\t\t\t\t\t\t\t\t\t\t\t\t<img decoding=\"async\" width=\"1024\" height=\"683\" src=\"https:\/\/gandulcreations.com\/wp-content\/uploads\/2026\/02\/ChatGPT-Image-20-feb-2026-12_11_16-1024x683.png\" class=\"attachment-large size-large wp-image-1400\" alt=\"\" srcset=\"https:\/\/gandulcreations.com\/wp-content\/uploads\/2026\/02\/ChatGPT-Image-20-feb-2026-12_11_16-1024x683.png 1024w, https:\/\/gandulcreations.com\/wp-content\/uploads\/2026\/02\/ChatGPT-Image-20-feb-2026-12_11_16-300x200.png 300w, https:\/\/gandulcreations.com\/wp-content\/uploads\/2026\/02\/ChatGPT-Image-20-feb-2026-12_11_16-768x512.png 768w, https:\/\/gandulcreations.com\/wp-content\/uploads\/2026\/02\/ChatGPT-Image-20-feb-2026-12_11_16-24x16.png 24w, https:\/\/gandulcreations.com\/wp-content\/uploads\/2026\/02\/ChatGPT-Image-20-feb-2026-12_11_16-36x24.png 36w, https:\/\/gandulcreations.com\/wp-content\/uploads\/2026\/02\/ChatGPT-Image-20-feb-2026-12_11_16-48x32.png 48w, https:\/\/gandulcreations.com\/wp-content\/uploads\/2026\/02\/ChatGPT-Image-20-feb-2026-12_11_16.png 1536w\" sizes=\"(max-width: 1024px) 100vw, 1024px\" \/>\t\t\t\t\t\t\t\t\t\t\t\t\t\t\t<\/div>\n\t\t\t\t<\/div>\n\t\t\t\t<div class=\"elementor-element elementor-element-cbf7e36 elementor-widget__width-initial elementor-widget elementor-widget-text-editor\" data-id=\"cbf7e36\" data-element_type=\"widget\" data-e-type=\"widget\" data-widget_type=\"text-editor.default\">\n\t\t\t\t\t\t\t\t\t<h3 data-start=\"2901\" data-end=\"2944\">El iPhone como espejo de desigualdad<\/h3><p data-start=\"2946\" data-end=\"3160\">Mientras que en Dub\u00e1i o Canad\u00e1 se puede comprar en menos de dos semanas de trabajo, en Cuba y Venezuela significa a\u00f1os de ingresos. La disparidad convierte al dispositivo en un reflejo de la desigualdad global.<br \/><span style=\"font-style: inherit; font-weight: inherit;\">En Norteam\u00e9rica y Europa los planes de pago facilitan el acceso al tel\u00e9fono. En Am\u00e9rica Latina, en cambio, los altos intereses y la falta de cr\u00e9dito hacen que el mercado informal sea a menudo la \u00fanica alternativa.<\/span><\/p>\t\t\t\t\t\t\t\t<\/div>\n\t\t\t\t<\/div>\n\t\t<div class=\"elementor-element elementor-element-3991ee1 e-con-full e-flex e-con e-parent\" data-id=\"3991ee1\" data-element_type=\"container\" data-e-type=\"container\">\n\t\t\t\t<div class=\"elementor-element elementor-element-e9cd96a elementor-absolute elementor-widget elementor-widget-heading\" data-id=\"e9cd96a\" data-element_type=\"widget\" data-e-type=\"widget\" data-settings=\"{&quot;_position&quot;:&quot;absolute&quot;}\" data-widget_type=\"heading.default\">\n\t\t\t\t\t<h2 class=\"elementor-heading-title elementor-size-default\"><a href=\"https:\/\/gandulcreations.com\/\">\u00bfD\u00f3nde hacer una maqueta universitaria en Quito?<\/a><\/h2>\t\t\t\t<\/div>\n\t\t\t\t<\/div>\n\t\t\t\t<\/div>\n\t\t","protected":false},"excerpt":{"rendered":"<p>Articulos Gandul Actualidad El iPhone 17 Pro no cuesta lo mismo en esfuerzo: mira los d\u00edas de trabajo por pa\u00eds [&hellip;]<\/p>\n","protected":false},"author":1,"featured_media":0,"parent":0,"menu_order":0,"comment_status":"closed","ping_status":"closed","template":"","meta":{"_crdt_document":"","site-sidebar-layout":"no-sidebar","site-content-layout":"","ast-site-content-layout":"full-width-container","site-content-style":"default","site-sidebar-style":"default","ast-global-header-display":"","ast-banner-title-visibility":"","ast-main-header-display":"","ast-hfb-above-header-display":"","ast-hfb-below-header-display":"","ast-hfb-mobile-header-display":"","site-post-title":"disabled","ast-breadcrumbs-content":"","ast-featured-img":"disabled","footer-sml-layout":"","ast-disable-related-posts":"","theme-transparent-header-meta":"","adv-header-id-meta":"","stick-header-meta":"","header-above-stick-meta":"","header-main-stick-meta":"","header-below-stick-meta":"","astra-migrate-meta-layouts":"default","ast-page-background-enabled":"default","ast-page-background-meta":{"desktop":{"background-color":"var(--ast-global-color-5)","background-image":"","background-repeat":"repeat","background-position":"center center","background-size":"auto","background-attachment":"scroll","background-type":"","background-media":"","overlay-type":"","overlay-color":"","overlay-opacity":"","overlay-gradient":""},"tablet":{"background-color":"","background-image":"","background-repeat":"repeat","background-position":"center center","background-size":"auto","background-attachment":"scroll","background-type":"","background-media":"","overlay-type":"","overlay-color":"","overlay-opacity":"","overlay-gradient":""},"mobile":{"background-color":"","background-image":"","background-repeat":"repeat","background-position":"center center","background-size":"auto","background-attachment":"scroll","background-type":"","background-media":"","overlay-type":"","overlay-color":"","overlay-opacity":"","overlay-gradient":""}},"ast-content-background-meta":{"desktop":{"background-color":"var(--ast-global-color-4)","background-image":"","background-repeat":"repeat","background-position":"center center","background-size":"auto","background-attachment":"scroll","background-type":"","background-media":"","overlay-type":"","overlay-color":"","overlay-opacity":"","overlay-gradient":""},"tablet":{"background-color":"var(--ast-global-color-4)","background-image":"","background-repeat":"repeat","background-position":"center center","background-size":"auto","background-attachment":"scroll","background-type":"","background-media":"","overlay-type":"","overlay-color":"","overlay-opacity":"","overlay-gradient":""},"mobile":{"background-color":"var(--ast-global-color-4)","background-image":"","background-repeat":"repeat","background-position":"center center","background-size":"auto","background-attachment":"scroll","background-type":"","background-media":"","overlay-type":"","overlay-color":"","overlay-opacity":"","overlay-gradient":""}},"_joinchat":[],"footnotes":""},"class_list":["post-1300","page","type-page","status-publish","hentry"],"_hostinger_reach_plugin_has_subscription_block":false,"_hostinger_reach_plugin_is_elementor":false,"_links":{"self":[{"href":"https:\/\/gandulcreations.com\/index.php?rest_route=\/wp\/v2\/pages\/1300","targetHints":{"allow":["GET"]}}],"collection":[{"href":"https:\/\/gandulcreations.com\/index.php?rest_route=\/wp\/v2\/pages"}],"about":[{"href":"https:\/\/gandulcreations.com\/index.php?rest_route=\/wp\/v2\/types\/page"}],"author":[{"embeddable":true,"href":"https:\/\/gandulcreations.com\/index.php?rest_route=\/wp\/v2\/users\/1"}],"replies":[{"embeddable":true,"href":"https:\/\/gandulcreations.com\/index.php?rest_route=%2Fwp%2Fv2%2Fcomments&post=1300"}],"version-history":[{"count":63,"href":"https:\/\/gandulcreations.com\/index.php?rest_route=\/wp\/v2\/pages\/1300\/revisions"}],"predecessor-version":[{"id":1442,"href":"https:\/\/gandulcreations.com\/index.php?rest_route=\/wp\/v2\/pages\/1300\/revisions\/1442"}],"wp:attachment":[{"href":"https:\/\/gandulcreations.com\/index.php?rest_route=%2Fwp%2Fv2%2Fmedia&parent=1300"}],"curies":[{"name":"wp","href":"https:\/\/api.w.org\/{rel}","templated":true}]}}