{"id":1528,"date":"2026-03-09T19:47:25","date_gmt":"2026-03-09T19:47:25","guid":{"rendered":"https:\/\/gandulcreations.com\/?page_id=1528"},"modified":"2026-03-23T23:13:11","modified_gmt":"2026-03-23T23:13:11","slug":"centro-academico-creativo","status":"publish","type":"page","link":"https:\/\/gandulcreations.com\/?page_id=1528","title":{"rendered":"Centro Academico Creativo"},"content":{"rendered":"\t\t<div data-elementor-type=\"wp-page\" data-elementor-id=\"1528\" class=\"elementor elementor-1528\">\n\t\t\t\t<div class=\"elementor-element elementor-element-6f2cd670 e-flex e-con-boxed elementor-invisible e-con e-parent\" data-id=\"6f2cd670\" data-element_type=\"container\" data-e-type=\"container\" data-settings=\"{&quot;animation&quot;:&quot;fadeInRight&quot;}\">\n\t\t\t\t\t<div class=\"e-con-inner\">\n\t\t<div class=\"elementor-element elementor-element-67a786aa e-con-full e-flex e-con e-child\" data-id=\"67a786aa\" data-element_type=\"container\" data-e-type=\"container\">\n\t\t<div class=\"elementor-element elementor-element-3c5d5bf6 e-con-full e-flex e-con e-child\" data-id=\"3c5d5bf6\" data-element_type=\"container\" data-e-type=\"container\">\n\t\t\t\t<div class=\"elementor-element elementor-element-2b72871e elementor-widget elementor-widget-image\" data-id=\"2b72871e\" data-element_type=\"widget\" data-e-type=\"widget\" data-widget_type=\"image.default\">\n\t\t\t\t\t\t\t\t\t\t\t\t\t\t\t<img fetchpriority=\"high\" decoding=\"async\" width=\"960\" height=\"960\" src=\"https:\/\/gandulcreations.com\/wp-content\/uploads\/2026\/03\/WhatsApp-Image-2026-03-18-at-6.34.211-PM-1.jpeg\" class=\"attachment-large size-large wp-image-1669\" alt=\"\" srcset=\"https:\/\/gandulcreations.com\/wp-content\/uploads\/2026\/03\/WhatsApp-Image-2026-03-18-at-6.34.211-PM-1.jpeg 960w, https:\/\/gandulcreations.com\/wp-content\/uploads\/2026\/03\/WhatsApp-Image-2026-03-18-at-6.34.211-PM-1-300x300.jpeg 300w, https:\/\/gandulcreations.com\/wp-content\/uploads\/2026\/03\/WhatsApp-Image-2026-03-18-at-6.34.211-PM-1-150x150.jpeg 150w, https:\/\/gandulcreations.com\/wp-content\/uploads\/2026\/03\/WhatsApp-Image-2026-03-18-at-6.34.211-PM-1-768x768.jpeg 768w, https:\/\/gandulcreations.com\/wp-content\/uploads\/2026\/03\/WhatsApp-Image-2026-03-18-at-6.34.211-PM-1-24x24.jpeg 24w, https:\/\/gandulcreations.com\/wp-content\/uploads\/2026\/03\/WhatsApp-Image-2026-03-18-at-6.34.211-PM-1-36x36.jpeg 36w, https:\/\/gandulcreations.com\/wp-content\/uploads\/2026\/03\/WhatsApp-Image-2026-03-18-at-6.34.211-PM-1-48x48.jpeg 48w\" sizes=\"(max-width: 960px) 100vw, 960px\" \/>\t\t\t\t\t\t\t\t\t\t\t\t\t\t\t<\/div>\n\t\t\t\t<div class=\"elementor-element elementor-element-d76e7f5 elementor-widget elementor-widget-image\" data-id=\"d76e7f5\" data-element_type=\"widget\" data-e-type=\"widget\" data-widget_type=\"image.default\">\n\t\t\t\t\t\t\t\t\t\t\t\t\t\t\t<img decoding=\"async\" width=\"899\" height=\"899\" src=\"https:\/\/gandulcreations.com\/wp-content\/uploads\/2026\/03\/WhatsApp-Image-2026-03-18-at-6.34.15-PM-1.jpeg\" class=\"attachment-large size-large wp-image-1671\" alt=\"\" srcset=\"https:\/\/gandulcreations.com\/wp-content\/uploads\/2026\/03\/WhatsApp-Image-2026-03-18-at-6.34.15-PM-1.jpeg 899w, https:\/\/gandulcreations.com\/wp-content\/uploads\/2026\/03\/WhatsApp-Image-2026-03-18-at-6.34.15-PM-1-300x300.jpeg 300w, https:\/\/gandulcreations.com\/wp-content\/uploads\/2026\/03\/WhatsApp-Image-2026-03-18-at-6.34.15-PM-1-150x150.jpeg 150w, https:\/\/gandulcreations.com\/wp-content\/uploads\/2026\/03\/WhatsApp-Image-2026-03-18-at-6.34.15-PM-1-768x768.jpeg 768w, https:\/\/gandulcreations.com\/wp-content\/uploads\/2026\/03\/WhatsApp-Image-2026-03-18-at-6.34.15-PM-1-24x24.jpeg 24w, https:\/\/gandulcreations.com\/wp-content\/uploads\/2026\/03\/WhatsApp-Image-2026-03-18-at-6.34.15-PM-1-36x36.jpeg 36w, https:\/\/gandulcreations.com\/wp-content\/uploads\/2026\/03\/WhatsApp-Image-2026-03-18-at-6.34.15-PM-1-48x48.jpeg 48w\" sizes=\"(max-width: 899px) 100vw, 899px\" \/>\t\t\t\t\t\t\t\t\t\t\t\t\t\t\t<\/div>\n\t\t\t\t<\/div>\n\t\t<div class=\"elementor-element elementor-element-71f0c03b e-con-full e-flex e-con e-child\" data-id=\"71f0c03b\" data-element_type=\"container\" data-e-type=\"container\">\n\t\t\t\t<div class=\"elementor-element elementor-element-163d80b9 elementor-widget elementor-widget-image\" data-id=\"163d80b9\" data-element_type=\"widget\" data-e-type=\"widget\" data-widget_type=\"image.default\">\n\t\t\t\t\t\t\t\t\t\t\t\t\t\t\t<img decoding=\"async\" width=\"1024\" height=\"1024\" src=\"https:\/\/gandulcreations.com\/wp-content\/uploads\/2026\/03\/WhatsApp-Image-2026-03-18-at-6.34.07-PM-1-1024x1024.jpeg\" class=\"attachment-large size-large wp-image-1670\" alt=\"\" srcset=\"https:\/\/gandulcreations.com\/wp-content\/uploads\/2026\/03\/WhatsApp-Image-2026-03-18-at-6.34.07-PM-1-1024x1024.jpeg 1024w, https:\/\/gandulcreations.com\/wp-content\/uploads\/2026\/03\/WhatsApp-Image-2026-03-18-at-6.34.07-PM-1-300x300.jpeg 300w, https:\/\/gandulcreations.com\/wp-content\/uploads\/2026\/03\/WhatsApp-Image-2026-03-18-at-6.34.07-PM-1-150x150.jpeg 150w, https:\/\/gandulcreations.com\/wp-content\/uploads\/2026\/03\/WhatsApp-Image-2026-03-18-at-6.34.07-PM-1-768x768.jpeg 768w, https:\/\/gandulcreations.com\/wp-content\/uploads\/2026\/03\/WhatsApp-Image-2026-03-18-at-6.34.07-PM-1-24x24.jpeg 24w, https:\/\/gandulcreations.com\/wp-content\/uploads\/2026\/03\/WhatsApp-Image-2026-03-18-at-6.34.07-PM-1-36x36.jpeg 36w, https:\/\/gandulcreations.com\/wp-content\/uploads\/2026\/03\/WhatsApp-Image-2026-03-18-at-6.34.07-PM-1-48x48.jpeg 48w, https:\/\/gandulcreations.com\/wp-content\/uploads\/2026\/03\/WhatsApp-Image-2026-03-18-at-6.34.07-PM-1.jpeg 1200w\" sizes=\"(max-width: 1024px) 100vw, 1024px\" \/>\t\t\t\t\t\t\t\t\t\t\t\t\t\t\t<\/div>\n\t\t\t\t<div class=\"elementor-element elementor-element-58f7bda9 elementor-widget elementor-widget-image\" data-id=\"58f7bda9\" data-element_type=\"widget\" data-e-type=\"widget\" data-widget_type=\"image.default\">\n\t\t\t\t\t\t\t\t\t\t\t\t\t\t\t<img loading=\"lazy\" decoding=\"async\" width=\"900\" height=\"900\" src=\"https:\/\/gandulcreations.com\/wp-content\/uploads\/2026\/03\/WhatsApp-Image-2026-03-18-at-6.34.21-PM-1.jpeg\" class=\"attachment-large size-large wp-image-1672\" alt=\"\" srcset=\"https:\/\/gandulcreations.com\/wp-content\/uploads\/2026\/03\/WhatsApp-Image-2026-03-18-at-6.34.21-PM-1.jpeg 900w, https:\/\/gandulcreations.com\/wp-content\/uploads\/2026\/03\/WhatsApp-Image-2026-03-18-at-6.34.21-PM-1-300x300.jpeg 300w, https:\/\/gandulcreations.com\/wp-content\/uploads\/2026\/03\/WhatsApp-Image-2026-03-18-at-6.34.21-PM-1-150x150.jpeg 150w, https:\/\/gandulcreations.com\/wp-content\/uploads\/2026\/03\/WhatsApp-Image-2026-03-18-at-6.34.21-PM-1-768x768.jpeg 768w, https:\/\/gandulcreations.com\/wp-content\/uploads\/2026\/03\/WhatsApp-Image-2026-03-18-at-6.34.21-PM-1-24x24.jpeg 24w, https:\/\/gandulcreations.com\/wp-content\/uploads\/2026\/03\/WhatsApp-Image-2026-03-18-at-6.34.21-PM-1-36x36.jpeg 36w, https:\/\/gandulcreations.com\/wp-content\/uploads\/2026\/03\/WhatsApp-Image-2026-03-18-at-6.34.21-PM-1-48x48.jpeg 48w\" sizes=\"(max-width: 900px) 100vw, 900px\" \/>\t\t\t\t\t\t\t\t\t\t\t\t\t\t\t<\/div>\n\t\t\t\t<\/div>\n\t\t\t\t<\/div>\n\t\t<div class=\"elementor-element elementor-element-3d3b5b0e e-con-full e-flex e-con e-child\" data-id=\"3d3b5b0e\" data-element_type=\"container\" data-e-type=\"container\">\n\t\t\t\t<div class=\"elementor-element elementor-element-4180de84 elementor-widget elementor-widget-heading\" data-id=\"4180de84\" data-element_type=\"widget\" data-e-type=\"widget\" data-widget_type=\"heading.default\">\n\t\t\t\t\t<h3 class=\"elementor-heading-title elementor-size-default\">Todo lo que necesitas para tus estudios, en un solo lugar<\/h3>\t\t\t\t<\/div>\n\t\t\t\t<div class=\"elementor-element elementor-element-28ed68af elementor-widget elementor-widget-text-editor\" data-id=\"28ed68af\" data-element_type=\"widget\" data-e-type=\"widget\" data-widget_type=\"text-editor.default\">\n\t\t\t\t\t\t\t\t\t<p>En <em data-start=\"351\" data-end=\"369\">Gandul Creations<\/em> hemos creado un espacio pensado para estudiantes de escuela, colegio y universidad, donde puedes encontrar apoyo acad\u00e9mico, maquetas, impresi\u00f3n y servicios esenciales para tu d\u00eda a d\u00eda.<\/p>\t\t\t\t\t\t\t\t<\/div>\n\t\t\t\t<div class=\"elementor-element elementor-element-c12aa62 elementor-mobile-align-center elementor-widget elementor-widget-button\" data-id=\"c12aa62\" data-element_type=\"widget\" data-e-type=\"widget\" data-widget_type=\"button.default\">\n\t\t\t\t\t\t\t\t\t\t<a class=\"elementor-button elementor-button-link elementor-size-sm\" href=\"https:\/\/wa.me\/593995497192?text=%C2%A1Hola!%20%F0%9F%98%8A%20Estoy%20interesado%20en%20solicitar%20informaci%C3%B3n%20sobre%20los%20trabajos%20que%20realizan.%20%C2%BFPodr%C3%ADan%20ayudarme%20con%20m%C3%A1s%20detalles%3F%20%F0%9F%99%8C\" target=\"_blank\">\n\t\t\t\t\t\t<span class=\"elementor-button-content-wrapper\">\n\t\t\t\t\t\t\t\t\t<span class=\"elementor-button-text\">\u00a1Cotiza tu trabajo ahora!<\/span>\n\t\t\t\t\t<\/span>\n\t\t\t\t\t<\/a>\n\t\t\t\t\t\t\t\t<\/div>\n\t\t\t\t<\/div>\n\t\t\t\t\t<\/div>\n\t\t\t\t<\/div>\n\t\t<div class=\"elementor-element elementor-element-e0f4ae1 e-con-full e-flex elementor-invisible e-con e-parent\" data-id=\"e0f4ae1\" data-element_type=\"container\" data-e-type=\"container\" id=\"next\" data-settings=\"{&quot;animation&quot;:&quot;fadeInLeft&quot;}\">\n\t\t\t\t<div class=\"elementor-element elementor-element-5119bc81 elementor-widget elementor-widget-heading\" data-id=\"5119bc81\" data-element_type=\"widget\" data-e-type=\"widget\" data-widget_type=\"heading.default\">\n\t\t\t\t\t<h3 class=\"elementor-heading-title elementor-size-default\">Te ayudamos con<\/h3>\t\t\t\t<\/div>\n\t\t<div class=\"elementor-element elementor-element-4c1e5320 e-con-full e-flex e-con e-child\" data-id=\"4c1e5320\" data-element_type=\"container\" data-e-type=\"container\">\n\t\t<div class=\"elementor-element elementor-element-98c578 e-con-full e-flex e-con e-child\" data-id=\"98c578\" data-element_type=\"container\" data-e-type=\"container\">\n\t\t\t\t<div class=\"elementor-element elementor-element-3910a19a elementor-position-top elementor-widget elementor-widget-image-box\" data-id=\"3910a19a\" data-element_type=\"widget\" data-e-type=\"widget\" data-widget_type=\"image-box.default\">\n\t\t\t\t\t<div class=\"elementor-image-box-wrapper\"><figure class=\"elementor-image-box-img\"><a href=\"https:\/\/gandulcreations.com\/maquetas-universitarias\/\" tabindex=\"-1\"><img loading=\"lazy\" decoding=\"async\" width=\"400\" height=\"400\" src=\"https:\/\/gandulcreations.com\/wp-content\/uploads\/2026\/02\/WhatsApp-Image-2026-02-18-at-11.56.34-2-1.jpg\" class=\"elementor-animation-grow attachment-full size-full wp-image-945\" alt=\"\" srcset=\"https:\/\/gandulcreations.com\/wp-content\/uploads\/2026\/02\/WhatsApp-Image-2026-02-18-at-11.56.34-2-1.jpg 400w, https:\/\/gandulcreations.com\/wp-content\/uploads\/2026\/02\/WhatsApp-Image-2026-02-18-at-11.56.34-2-1-300x300.jpg 300w, https:\/\/gandulcreations.com\/wp-content\/uploads\/2026\/02\/WhatsApp-Image-2026-02-18-at-11.56.34-2-1-150x150.jpg 150w, https:\/\/gandulcreations.com\/wp-content\/uploads\/2026\/02\/WhatsApp-Image-2026-02-18-at-11.56.34-2-1-24x24.jpg 24w, https:\/\/gandulcreations.com\/wp-content\/uploads\/2026\/02\/WhatsApp-Image-2026-02-18-at-11.56.34-2-1-36x36.jpg 36w, https:\/\/gandulcreations.com\/wp-content\/uploads\/2026\/02\/WhatsApp-Image-2026-02-18-at-11.56.34-2-1-48x48.jpg 48w\" sizes=\"(max-width: 400px) 100vw, 400px\" \/><\/a><\/figure><div class=\"elementor-image-box-content\"><h4 class=\"elementor-image-box-title\"><a href=\"https:\/\/gandulcreations.com\/maquetas-universitarias\/\">\ud83c\udf93 Maquetas Universitarias<\/a><\/h4><p class=\"elementor-image-box-description\">Creamos maquetas profesionales para diferentes carreras, cuidando cada detalle para que tu proyecto destaque y cumpla con los requisitos acad\u00e9micos.<\/p><\/div><\/div>\t\t\t\t<\/div>\n\t\t\t\t<\/div>\n\t\t<div class=\"elementor-element elementor-element-2570a811 e-con-full e-flex e-con e-child\" data-id=\"2570a811\" data-element_type=\"container\" data-e-type=\"container\">\n\t\t\t\t<div class=\"elementor-element elementor-element-4b6e2bcb elementor-position-top elementor-widget elementor-widget-image-box\" data-id=\"4b6e2bcb\" data-element_type=\"widget\" data-e-type=\"widget\" data-widget_type=\"image-box.default\">\n\t\t\t\t\t<div class=\"elementor-image-box-wrapper\"><figure class=\"elementor-image-box-img\"><a href=\"https:\/\/gandulcreations.com\/trabajos-academicos\/\" tabindex=\"-1\"><img loading=\"lazy\" decoding=\"async\" width=\"1280\" height=\"1280\" src=\"https:\/\/gandulcreations.com\/wp-content\/uploads\/2026\/03\/redaccion.png\" class=\"elementor-animation-grow attachment-full size-full wp-image-1664\" alt=\"\" srcset=\"https:\/\/gandulcreations.com\/wp-content\/uploads\/2026\/03\/redaccion.png 1280w, https:\/\/gandulcreations.com\/wp-content\/uploads\/2026\/03\/redaccion-300x300.png 300w, https:\/\/gandulcreations.com\/wp-content\/uploads\/2026\/03\/redaccion-1024x1024.png 1024w, https:\/\/gandulcreations.com\/wp-content\/uploads\/2026\/03\/redaccion-150x150.png 150w, https:\/\/gandulcreations.com\/wp-content\/uploads\/2026\/03\/redaccion-768x768.png 768w, https:\/\/gandulcreations.com\/wp-content\/uploads\/2026\/03\/redaccion-24x24.png 24w, https:\/\/gandulcreations.com\/wp-content\/uploads\/2026\/03\/redaccion-36x36.png 36w, https:\/\/gandulcreations.com\/wp-content\/uploads\/2026\/03\/redaccion-48x48.png 48w\" sizes=\"(max-width: 1280px) 100vw, 1280px\" \/><\/a><\/figure><div class=\"elementor-image-box-content\"><h4 class=\"elementor-image-box-title\"><a href=\"https:\/\/gandulcreations.com\/trabajos-academicos\/\">\ud83d\udcda Trabajos Acad\u00e9micos<\/a><\/h4><p class=\"elementor-image-box-description\">Te ayudamos con tesis, monograf\u00edas, informes, res\u00famenes e investigaciones, adapt\u00e1ndonos a lo que necesites y acompa\u00f1\u00e1ndote en todo el proceso.<\/p><\/div><\/div>\t\t\t\t<\/div>\n\t\t\t\t<\/div>\n\t\t<div class=\"elementor-element elementor-element-564894b1 e-con-full e-flex e-con e-child\" data-id=\"564894b1\" data-element_type=\"container\" data-e-type=\"container\">\n\t\t\t\t<div class=\"elementor-element elementor-element-272b99a elementor-position-top elementor-widget elementor-widget-image-box\" data-id=\"272b99a\" data-element_type=\"widget\" data-e-type=\"widget\" data-widget_type=\"image-box.default\">\n\t\t\t\t\t<div class=\"elementor-image-box-wrapper\"><figure class=\"elementor-image-box-img\"><a href=\"https:\/\/gandulcreations.com\/impresion-y-copiado\/\" tabindex=\"-1\"><img loading=\"lazy\" decoding=\"async\" width=\"1707\" height=\"1707\" src=\"https:\/\/gandulcreations.com\/wp-content\/uploads\/2026\/03\/\u00bfPor-que-la-impresora-imprime-doble-1.jpg\" class=\"elementor-animation-grow attachment-full size-full wp-image-1686\" alt=\"\" srcset=\"https:\/\/gandulcreations.com\/wp-content\/uploads\/2026\/03\/\u00bfPor-que-la-impresora-imprime-doble-1.jpg 1707w, https:\/\/gandulcreations.com\/wp-content\/uploads\/2026\/03\/\u00bfPor-que-la-impresora-imprime-doble-1-300x300.jpg 300w, https:\/\/gandulcreations.com\/wp-content\/uploads\/2026\/03\/\u00bfPor-que-la-impresora-imprime-doble-1-1024x1024.jpg 1024w, https:\/\/gandulcreations.com\/wp-content\/uploads\/2026\/03\/\u00bfPor-que-la-impresora-imprime-doble-1-150x150.jpg 150w, https:\/\/gandulcreations.com\/wp-content\/uploads\/2026\/03\/\u00bfPor-que-la-impresora-imprime-doble-1-768x768.jpg 768w, https:\/\/gandulcreations.com\/wp-content\/uploads\/2026\/03\/\u00bfPor-que-la-impresora-imprime-doble-1-1536x1536.jpg 1536w, https:\/\/gandulcreations.com\/wp-content\/uploads\/2026\/03\/\u00bfPor-que-la-impresora-imprime-doble-1-24x24.jpg 24w, https:\/\/gandulcreations.com\/wp-content\/uploads\/2026\/03\/\u00bfPor-que-la-impresora-imprime-doble-1-36x36.jpg 36w, https:\/\/gandulcreations.com\/wp-content\/uploads\/2026\/03\/\u00bfPor-que-la-impresora-imprime-doble-1-48x48.jpg 48w\" sizes=\"(max-width: 1707px) 100vw, 1707px\" \/><\/a><\/figure><div class=\"elementor-image-box-content\"><h4 class=\"elementor-image-box-title\"><a href=\"https:\/\/gandulcreations.com\/impresion-y-copiado\/\">\ud83d\udda8\ufe0f Impresi\u00f3n y Copiado<\/a><\/h4><p class=\"elementor-image-box-description\">Servicio r\u00e1pido y confiable de impresi\u00f3n, copias y documentos acad\u00e9micos, pensado especialmente para estudiantes que necesitan resultados claros y bien presentados.<\/p><\/div><\/div>\t\t\t\t<\/div>\n\t\t\t\t<\/div>\n\t\t<div class=\"elementor-element elementor-element-2766cc0f e-con-full e-flex e-con e-child\" data-id=\"2766cc0f\" data-element_type=\"container\" data-e-type=\"container\">\n\t\t\t\t<div class=\"elementor-element elementor-element-403eb6f3 elementor-position-top elementor-widget elementor-widget-image-box\" data-id=\"403eb6f3\" data-element_type=\"widget\" data-e-type=\"widget\" data-widget_type=\"image-box.default\">\n\t\t\t\t\t<div class=\"elementor-image-box-wrapper\"><figure class=\"elementor-image-box-img\"><a href=\"https:\/\/gandulcreations.com\/recargas-y-servicios\/\" tabindex=\"-1\"><img loading=\"lazy\" decoding=\"async\" width=\"796\" height=\"796\" src=\"https:\/\/gandulcreations.com\/wp-content\/uploads\/2026\/03\/servicios.jpg\" class=\"elementor-animation-grow attachment-full size-full wp-image-1703\" alt=\"\" srcset=\"https:\/\/gandulcreations.com\/wp-content\/uploads\/2026\/03\/servicios.jpg 796w, https:\/\/gandulcreations.com\/wp-content\/uploads\/2026\/03\/servicios-300x300.jpg 300w, https:\/\/gandulcreations.com\/wp-content\/uploads\/2026\/03\/servicios-150x150.jpg 150w, https:\/\/gandulcreations.com\/wp-content\/uploads\/2026\/03\/servicios-768x768.jpg 768w, https:\/\/gandulcreations.com\/wp-content\/uploads\/2026\/03\/servicios-24x24.jpg 24w, https:\/\/gandulcreations.com\/wp-content\/uploads\/2026\/03\/servicios-36x36.jpg 36w, https:\/\/gandulcreations.com\/wp-content\/uploads\/2026\/03\/servicios-48x48.jpg 48w\" sizes=\"(max-width: 796px) 100vw, 796px\" \/><\/a><\/figure><div class=\"elementor-image-box-content\"><h4 class=\"elementor-image-box-title\"><a href=\"https:\/\/gandulcreations.com\/recargas-y-servicios\/\">\ud83d\udcb3 Recargas y Servicios<\/a><\/h4><p class=\"elementor-image-box-description\">Tambi\u00e9n contamos con servicios adicionales como recargas, tr\u00e1mites b\u00e1sicos y soluciones r\u00e1pidas para facilitar tu d\u00eda a d\u00eda como estudiante.<\/p><\/div><\/div>\t\t\t\t<\/div>\n\t\t\t\t<\/div>\n\t\t\t\t<\/div>\n\t\t\t\t<\/div>\n\t\t<div class=\"elementor-element elementor-element-3039d01 e-flex e-con-boxed elementor-invisible e-con e-parent\" data-id=\"3039d01\" data-element_type=\"container\" data-e-type=\"container\" data-settings=\"{&quot;animation&quot;:&quot;zoomIn&quot;}\">\n\t\t\t\t\t<div class=\"e-con-inner\">\n\t\t\t\t<div class=\"elementor-element elementor-element-3444dabc elementor-widget elementor-widget-heading\" data-id=\"3444dabc\" data-element_type=\"widget\" data-e-type=\"widget\" data-widget_type=\"heading.default\">\n\t\t\t\t\t<h3 class=\"elementor-heading-title elementor-size-default\">Tu centro acad\u00e9mico creativo comienza aqu\u00ed<\/h3>\t\t\t\t<\/div>\n\t\t\t\t<div class=\"elementor-element elementor-element-638bc234 elementor-widget elementor-widget-text-editor\" data-id=\"638bc234\" data-element_type=\"widget\" data-e-type=\"widget\" data-widget_type=\"text-editor.default\">\n\t\t\t\t\t\t\t\t\t<p>En <em data-start=\"312\" data-end=\"330\">Gandul Creations<\/em> reunimos diferentes servicios en un solo lugar para apoyarte durante tu etapa escolar, colegial o universitaria. Desde maquetas y trabajos acad\u00e9micos hasta impresi\u00f3n y servicios complementarios, aqu\u00ed encontrar\u00e1s soluciones pensadas para estudiantes.<\/p>\t\t\t\t\t\t\t\t<\/div>\n\t\t\t\t<div class=\"elementor-element elementor-element-b502f2e elementor-mobile-align-center elementor-widget elementor-widget-button\" data-id=\"b502f2e\" data-element_type=\"widget\" data-e-type=\"widget\" data-widget_type=\"button.default\">\n\t\t\t\t\t\t\t\t\t\t<a class=\"elementor-button elementor-button-link elementor-size-sm\" href=\"https:\/\/wa.me\/593995497192?text=%C2%A1Hola!%20%F0%9F%98%8A%20Estoy%20interesado%20en%20solicitar%20informaci%C3%B3n%20sobre%20los%20trabajos%20que%20realizan.%20%C2%BFPodr%C3%ADan%20ayudarme%20con%20m%C3%A1s%20detalles%3F%20%F0%9F%99%8C\" target=\"_blank\">\n\t\t\t\t\t\t<span class=\"elementor-button-content-wrapper\">\n\t\t\t\t\t\t\t\t\t<span class=\"elementor-button-text\">\u00a1Cotiza tu trabajo ahora!<\/span>\n\t\t\t\t\t<\/span>\n\t\t\t\t\t<\/a>\n\t\t\t\t\t\t\t\t<\/div>\n\t\t\t\t\t<\/div>\n\t\t\t\t<\/div>\n\t\t\t\t<\/div>\n\t\t","protected":false},"excerpt":{"rendered":"<p>Todo lo que necesitas para tus estudios, en un solo lugar En Gandul Creations hemos creado un espacio pensado para [&hellip;]<\/p>\n","protected":false},"author":1,"featured_media":0,"parent":0,"menu_order":0,"comment_status":"closed","ping_status":"closed","template":"","meta":{"_crdt_document":"","site-sidebar-layout":"no-sidebar","site-content-layout":"","ast-site-content-layout":"full-width-container","site-content-style":"default","site-sidebar-style":"default","ast-global-header-display":"","ast-banner-title-visibility":"","ast-main-header-display":"","ast-hfb-above-header-display":"","ast-hfb-below-header-display":"","ast-hfb-mobile-header-display":"","site-post-title":"disabled","ast-breadcrumbs-content":"","ast-featured-img":"disabled","footer-sml-layout":"","ast-disable-related-posts":"","theme-transparent-header-meta":"","adv-header-id-meta":"","stick-header-meta":"","header-above-stick-meta":"","header-main-stick-meta":"","header-below-stick-meta":"","astra-migrate-meta-layouts":"default","ast-page-background-enabled":"default","ast-page-background-meta":{"desktop":{"background-color":"var(--ast-global-color-5)","background-image":"","background-repeat":"repeat","background-position":"center center","background-size":"auto","background-attachment":"scroll","background-type":"","background-media":"","overlay-type":"","overlay-color":"","overlay-opacity":"","overlay-gradient":""},"tablet":{"background-color":"","background-image":"","background-repeat":"repeat","background-position":"center center","background-size":"auto","background-attachment":"scroll","background-type":"","background-media":"","overlay-type":"","overlay-color":"","overlay-opacity":"","overlay-gradient":""},"mobile":{"background-color":"","background-image":"","background-repeat":"repeat","background-position":"center center","background-size":"auto","background-attachment":"scroll","background-type":"","background-media":"","overlay-type":"","overlay-color":"","overlay-opacity":"","overlay-gradient":""}},"ast-content-background-meta":{"desktop":{"background-color":"var(--ast-global-color-4)","background-image":"","background-repeat":"repeat","background-position":"center center","background-size":"auto","background-attachment":"scroll","background-type":"","background-media":"","overlay-type":"","overlay-color":"","overlay-opacity":"","overlay-gradient":""},"tablet":{"background-color":"var(--ast-global-color-4)","background-image":"","background-repeat":"repeat","background-position":"center center","background-size":"auto","background-attachment":"scroll","background-type":"","background-media":"","overlay-type":"","overlay-color":"","overlay-opacity":"","overlay-gradient":""},"mobile":{"background-color":"var(--ast-global-color-4)","background-image":"","background-repeat":"repeat","background-position":"center center","background-size":"auto","background-attachment":"scroll","background-type":"","background-media":"","overlay-type":"","overlay-color":"","overlay-opacity":"","overlay-gradient":""}},"_joinchat":[],"footnotes":""},"class_list":["post-1528","page","type-page","status-publish","hentry"],"_hostinger_reach_plugin_has_subscription_block":false,"_hostinger_reach_plugin_is_elementor":false,"_links":{"self":[{"href":"https:\/\/gandulcreations.com\/index.php?rest_route=\/wp\/v2\/pages\/1528","targetHints":{"allow":["GET"]}}],"collection":[{"href":"https:\/\/gandulcreations.com\/index.php?rest_route=\/wp\/v2\/pages"}],"about":[{"href":"https:\/\/gandulcreations.com\/index.php?rest_route=\/wp\/v2\/types\/page"}],"author":[{"embeddable":true,"href":"https:\/\/gandulcreations.com\/index.php?rest_route=\/wp\/v2\/users\/1"}],"replies":[{"embeddable":true,"href":"https:\/\/gandulcreations.com\/index.php?rest_route=%2Fwp%2Fv2%2Fcomments&post=1528"}],"version-history":[{"count":14,"href":"https:\/\/gandulcreations.com\/index.php?rest_route=\/wp\/v2\/pages\/1528\/revisions"}],"predecessor-version":[{"id":1762,"href":"https:\/\/gandulcreations.com\/index.php?rest_route=\/wp\/v2\/pages\/1528\/revisions\/1762"}],"wp:attachment":[{"href":"https:\/\/gandulcreations.com\/index.php?rest_route=%2Fwp%2Fv2%2Fmedia&parent=1528"}],"curies":[{"name":"wp","href":"https:\/\/api.w.org\/{rel}","templated":true}]}}