{"id":1530,"date":"2026-03-09T19:47:25","date_gmt":"2026-03-09T19:47:25","guid":{"rendered":"https:\/\/gandulcreations.com\/?page_id=1530"},"modified":"2026-03-24T00:46:37","modified_gmt":"2026-03-24T00:46:37","slug":"estudio-digital","status":"publish","type":"page","link":"https:\/\/gandulcreations.com\/?page_id=1530","title":{"rendered":"Estudio DIgital"},"content":{"rendered":"\t\t<div data-elementor-type=\"wp-page\" data-elementor-id=\"1530\" class=\"elementor elementor-1530\">\n\t\t\t\t\t\t<section class=\"elementor-section elementor-top-section elementor-element elementor-element-1adc9920 elementor-section-boxed elementor-section-height-default elementor-section-height-default\" data-id=\"1adc9920\" data-element_type=\"section\" data-e-type=\"section\">\n\t\t\t\t\t\t<div class=\"elementor-container elementor-column-gap-default\">\n\t\t\t\t\t<div class=\"elementor-column elementor-col-100 elementor-top-column elementor-element elementor-element-7786217c\" data-id=\"7786217c\" data-element_type=\"column\" data-e-type=\"column\">\n\t\t\t<div class=\"elementor-widget-wrap elementor-element-populated\">\n\t\t\t\t\t\t<div class=\"elementor-element elementor-element-4d97bf2b elementor-widget elementor-widget-mgslider_lite_widget\" data-id=\"4d97bf2b\" data-element_type=\"widget\" data-e-type=\"widget\" data-settings=\"{&quot;mgs_slide_effect&quot;:&quot;fade&quot;,&quot;mgs_slide_direction&quot;:&quot;horizontal&quot;,&quot;mgs_animation_speed&quot;:1000,&quot;mgs_autoplay&quot;:&quot;yes&quot;,&quot;mgs_autoplay_delay&quot;:2500,&quot;mgs_loop&quot;:&quot;yes&quot;,&quot;mgs_grab_cursor&quot;:&quot;yes&quot;}\" data-widget_type=\"mgslider_lite_widget.default\">\n\t\t\t\t<div class=\"elementor-widget-container\">\n\t\t\t\t\t\r\n        <div class=\"mgs-main swiper swiper-container \" data-loop=\"true\" data-effect=\"fade\" data-direction=\"horizontal\" data-speed=\"1000\" data-autoplay=\"true\" data-auto-delay=\"2500\" data-grab-cursor=\"true\" data-nav=\"false\" data-dots=\"true\">\r\n            <!-- Additional required wrapper -->\r\n            <div class=\"swiper-wrapper\">\r\n\r\n                \r\n                    <!-- Slides -->\r\n                    <div class=\"swiper-slide mgs-item\">\r\n                                                    <div class=\"mgs-img-before\">\r\n                                <img decoding=\"async\" class=\"mgs-img\" src=\"https:\/\/gandulcreations.com\/wp-content\/uploads\/2026\/03\/Diseno-sin-titulo-25-1.jpg\" alt=\"Dise\u00f1o Grafico\">\r\n                            <\/div>\r\n                                                                            <div class=\"mgs-overlay-outside\">\r\n                                <div class=\"container\">\r\n                                    <div class=\"mgslide-content mgst-center mgs-overlay\">\r\n                                                                                                                            <h2 class=\"mgs-title\" data-swiper-parallax-scale=\"0.15\">Dise\u00f1o Grafico<\/h2>\r\n                                                                                                                            <p class=\"mgs-subtitle\" data-swiper-parallax-opacity=\"0.5\">Dise\u00f1o profesionales para Redes Sociales<\/p>\r\n                                                                                                                    <\/div>\r\n                                <\/div>\r\n                            <\/div>\r\n                        \r\n                    <\/div>\r\n\r\n\r\n                \r\n                    <!-- Slides -->\r\n                    <div class=\"swiper-slide mgs-item\">\r\n                                                    <div class=\"mgs-img-before\">\r\n                                <img decoding=\"async\" class=\"mgs-img\" src=\"https:\/\/gandulcreations.com\/wp-content\/uploads\/2026\/03\/las-mejores-redes-sociales-1.jpg\" alt=\"Redes Sociales\">\r\n                            <\/div>\r\n                                                                            <div class=\"mgs-overlay-outside\">\r\n                                <div class=\"container\">\r\n                                    <div class=\"mgslide-content mgst-center mgs-overlay\">\r\n                                                                                                                            <h2 class=\"mgs-title\" data-swiper-parallax-scale=\"0.15\">Redes Sociales<\/h2>\r\n                                                                                                                            <p class=\"mgs-subtitle\" data-swiper-parallax-opacity=\"0.5\">Manejo de redes sociales<\/p>\r\n                                                                                                                    <\/div>\r\n                                <\/div>\r\n                            <\/div>\r\n                        \r\n                    <\/div>\r\n\r\n\r\n                \r\n                    <!-- Slides -->\r\n                    <div class=\"swiper-slide mgs-item\">\r\n                                                    <div class=\"mgs-img-before\">\r\n                                <img decoding=\"async\" class=\"mgs-img\" src=\"https:\/\/gandulcreations.com\/wp-content\/uploads\/2026\/03\/diseno-web-todo-lo-que-debes-saber_960x502_crop_center-1.jpg\" alt=\"Dise\u00f1o de P\u00e1gias Web\">\r\n                            <\/div>\r\n                                                                            <div class=\"mgs-overlay-outside\">\r\n                                <div class=\"container\">\r\n                                    <div class=\"mgslide-content mgst-center mgs-overlay\">\r\n                                                                                                                            <h2 class=\"mgs-title\" data-swiper-parallax-scale=\"0.15\">Dise\u00f1o de P\u00e1gias Web<\/h2>\r\n                                                                                                                            <p class=\"mgs-subtitle\" data-swiper-parallax-opacity=\"0.5\">Te ayudamos a crear tu pagina web profecional<\/p>\r\n                                                                                                                    <\/div>\r\n                                <\/div>\r\n                            <\/div>\r\n                        \r\n                    <\/div>\r\n\r\n\r\n                            <\/div>\r\n                            <div class=\"swiper-pagination\"><\/div>\r\n            \r\n            \r\n            <!-- If we need scrollbar \r\n    <div class=\"swiper-scrollbar\"><\/div>\r\n    -->\r\n        <\/div>\r\n\r\n\r\n\t\t\t\t<\/div>\n\t\t\t\t<\/div>\n\t\t\t\t\t<\/div>\n\t\t<\/div>\n\t\t\t\t\t<\/div>\n\t\t<\/section>\n\t\t\t\t<section class=\"elementor-section elementor-inner-section elementor-element elementor-element-6cac4081 elementor-section-boxed elementor-section-height-default elementor-section-height-default\" data-id=\"6cac4081\" data-element_type=\"section\" data-e-type=\"section\" id=\"imgcard2\">\n\t\t\t\t\t\t<div class=\"elementor-container elementor-column-gap-default\">\n\t\t\t\t\t<div class=\"elementor-column elementor-col-33 elementor-inner-column elementor-element elementor-element-4cac5fcd\" data-id=\"4cac5fcd\" data-element_type=\"column\" data-e-type=\"column\">\n\t\t\t<div class=\"elementor-widget-wrap elementor-element-populated\">\n\t\t\t\t\t\t<div class=\"elementor-element elementor-element-2c7dcdb2 mg-card-img-top elementor-widget elementor-widget-mgcard_widget\" data-id=\"2c7dcdb2\" data-element_type=\"widget\" data-e-type=\"widget\" data-widget_type=\"mgcard_widget.default\">\n\t\t\t\t<div class=\"elementor-widget-container\">\n\t\t\t\t\t        <div class=\"mg-card\">\r\n                            <div class=\"mg-card-img\">\r\n                    <figure>\r\n                        <img fetchpriority=\"high\" decoding=\"async\" width=\"768\" height=\"768\" src=\"https:\/\/gandulcreations.com\/wp-content\/uploads\/2026\/03\/1-768x768.jpg\" class=\"attachment-medium_large size-medium_large wp-image-1791\" alt=\"\" srcset=\"https:\/\/gandulcreations.com\/wp-content\/uploads\/2026\/03\/1-768x768.jpg 768w, https:\/\/gandulcreations.com\/wp-content\/uploads\/2026\/03\/1-300x300.jpg 300w, https:\/\/gandulcreations.com\/wp-content\/uploads\/2026\/03\/1-150x150.jpg 150w, https:\/\/gandulcreations.com\/wp-content\/uploads\/2026\/03\/1-24x24.jpg 24w, https:\/\/gandulcreations.com\/wp-content\/uploads\/2026\/03\/1-36x36.jpg 36w, https:\/\/gandulcreations.com\/wp-content\/uploads\/2026\/03\/1-48x48.jpg 48w, https:\/\/gandulcreations.com\/wp-content\/uploads\/2026\/03\/1.jpg 900w\" sizes=\"(max-width: 768px) 100vw, 768px\" \/>                    <\/figure>\r\n                                    <\/div>\r\n                        <div class=\"mg-card-text\">\r\n\r\n                <h2 class=\"mg-card-title\">Dise\u00f1o Gr\u00e1fico que impacta<\/h2>                                    <p >Desde dise\u00f1o hasta contenido, te ayudamos a construir una imagen profesional y atractiva en el mundo digital.<\/p>\r\n                                                                    <a class=\"mg-btn mg-card-btn\" href=\"#\">Conoce m\u00e1s<\/a>\r\n                    \r\n\r\n            <\/div>\r\n\r\n        <\/div>\r\n\r\n\r\n\r\n    \t\t\t\t<\/div>\n\t\t\t\t<\/div>\n\t\t\t\t\t<\/div>\n\t\t<\/div>\n\t\t\t\t<div class=\"elementor-column elementor-col-33 elementor-inner-column elementor-element elementor-element-7bf5c844\" data-id=\"7bf5c844\" data-element_type=\"column\" data-e-type=\"column\">\n\t\t\t<div class=\"elementor-widget-wrap elementor-element-populated\">\n\t\t\t\t\t\t<div class=\"elementor-element elementor-element-4ba195a8 mg-card-img-top elementor-widget elementor-widget-mgcard_widget\" data-id=\"4ba195a8\" data-element_type=\"widget\" data-e-type=\"widget\" data-widget_type=\"mgcard_widget.default\">\n\t\t\t\t<div class=\"elementor-widget-container\">\n\t\t\t\t\t        <div class=\"mg-card\">\r\n                            <div class=\"mg-card-img\">\r\n                    <figure>\r\n                        <img decoding=\"async\" width=\"768\" height=\"768\" src=\"https:\/\/gandulcreations.com\/wp-content\/uploads\/2026\/03\/163260-768x768.jpg\" class=\"attachment-medium_large size-medium_large wp-image-1793\" alt=\"\" srcset=\"https:\/\/gandulcreations.com\/wp-content\/uploads\/2026\/03\/163260-768x768.jpg 768w, https:\/\/gandulcreations.com\/wp-content\/uploads\/2026\/03\/163260-300x300.jpg 300w, https:\/\/gandulcreations.com\/wp-content\/uploads\/2026\/03\/163260-150x150.jpg 150w, https:\/\/gandulcreations.com\/wp-content\/uploads\/2026\/03\/163260-24x24.jpg 24w, https:\/\/gandulcreations.com\/wp-content\/uploads\/2026\/03\/163260-36x36.jpg 36w, https:\/\/gandulcreations.com\/wp-content\/uploads\/2026\/03\/163260-48x48.jpg 48w, https:\/\/gandulcreations.com\/wp-content\/uploads\/2026\/03\/163260.jpg 900w\" sizes=\"(max-width: 768px) 100vw, 768px\" \/>                    <\/figure>\r\n                                    <\/div>\r\n                        <div class=\"mg-card-text\">\r\n\r\n                <h2 class=\"mg-card-title\">P\u00e1ginas web que convierten<\/h2>                                    <p >Desarrollamos p\u00e1ginas web modernas, funcionales y adaptadas a tu negocio o proyecto.<\/p>\r\n                                                                    <a class=\"mg-btn mg-card-btn\" href=\"#\">Conoce M\u00e1s<\/a>\r\n                    \r\n\r\n            <\/div>\r\n\r\n        <\/div>\r\n\r\n\r\n\r\n    \t\t\t\t<\/div>\n\t\t\t\t<\/div>\n\t\t\t\t\t<\/div>\n\t\t<\/div>\n\t\t\t\t<div class=\"elementor-column elementor-col-33 elementor-inner-column elementor-element elementor-element-11513140\" data-id=\"11513140\" data-element_type=\"column\" data-e-type=\"column\">\n\t\t\t<div class=\"elementor-widget-wrap elementor-element-populated\">\n\t\t\t\t\t\t<div class=\"elementor-element elementor-element-5422c39b mg-card-img-top elementor-widget elementor-widget-mgcard_widget\" data-id=\"5422c39b\" data-element_type=\"widget\" data-e-type=\"widget\" data-widget_type=\"mgcard_widget.default\">\n\t\t\t\t<div class=\"elementor-widget-container\">\n\t\t\t\t\t        <div class=\"mg-card\">\r\n                            <div class=\"mg-card-img\">\r\n                    <figure>\r\n                        <img decoding=\"async\" width=\"768\" height=\"768\" src=\"https:\/\/gandulcreations.com\/wp-content\/uploads\/2026\/03\/881-768x768.jpg\" class=\"attachment-medium_large size-medium_large wp-image-1792\" alt=\"\" srcset=\"https:\/\/gandulcreations.com\/wp-content\/uploads\/2026\/03\/881-768x768.jpg 768w, https:\/\/gandulcreations.com\/wp-content\/uploads\/2026\/03\/881-300x300.jpg 300w, https:\/\/gandulcreations.com\/wp-content\/uploads\/2026\/03\/881-150x150.jpg 150w, https:\/\/gandulcreations.com\/wp-content\/uploads\/2026\/03\/881-24x24.jpg 24w, https:\/\/gandulcreations.com\/wp-content\/uploads\/2026\/03\/881-36x36.jpg 36w, https:\/\/gandulcreations.com\/wp-content\/uploads\/2026\/03\/881-48x48.jpg 48w, https:\/\/gandulcreations.com\/wp-content\/uploads\/2026\/03\/881.jpg 900w\" sizes=\"(max-width: 768px) 100vw, 768px\" \/>                    <\/figure>\r\n                                    <\/div>\r\n                        <div class=\"mg-card-text\">\r\n\r\n                <h2 class=\"mg-card-title\">Redes Sociales que conectan<\/h2>                                    <p >Te ayudamos a gestionar y crear contenido para tus redes sociales, mejorando tu presencia y conexi\u00f3n con tu audiencia. <\/p>\r\n                                                                    <a class=\"mg-btn mg-card-btn\" href=\"#\">Conoce M\u00e1s<\/a>\r\n                    \r\n\r\n            <\/div>\r\n\r\n        <\/div>\r\n\r\n\r\n\r\n    \t\t\t\t<\/div>\n\t\t\t\t<\/div>\n\t\t\t\t\t<\/div>\n\t\t<\/div>\n\t\t\t\t\t<\/div>\n\t\t<\/section>\n\t\t\t\t<\/div>\n\t\t","protected":false},"excerpt":{"rendered":"<p>Dise\u00f1o Grafico Dise\u00f1o profesionales para Redes Sociales Redes Sociales Manejo de redes sociales Dise\u00f1o de P\u00e1gias Web Te ayudamos a [&hellip;]<\/p>\n","protected":false},"author":1,"featured_media":0,"parent":0,"menu_order":0,"comment_status":"closed","ping_status":"closed","template":"","meta":{"_crdt_document":"","site-sidebar-layout":"no-sidebar","site-content-layout":"","ast-site-content-layout":"full-width-container","site-content-style":"default","site-sidebar-style":"default","ast-global-header-display":"","ast-banner-title-visibility":"","ast-main-header-display":"","ast-hfb-above-header-display":"","ast-hfb-below-header-display":"","ast-hfb-mobile-header-display":"","site-post-title":"disabled","ast-breadcrumbs-content":"","ast-featured-img":"disabled","footer-sml-layout":"","ast-disable-related-posts":"","theme-transparent-header-meta":"","adv-header-id-meta":"","stick-header-meta":"","header-above-stick-meta":"","header-main-stick-meta":"","header-below-stick-meta":"","astra-migrate-meta-layouts":"default","ast-page-background-enabled":"default","ast-page-background-meta":{"desktop":{"background-color":"var(--ast-global-color-5)","background-image":"","background-repeat":"repeat","background-position":"center center","background-size":"auto","background-attachment":"scroll","background-type":"","background-media":"","overlay-type":"","overlay-color":"","overlay-opacity":"","overlay-gradient":""},"tablet":{"background-color":"","background-image":"","background-repeat":"repeat","background-position":"center center","background-size":"auto","background-attachment":"scroll","background-type":"","background-media":"","overlay-type":"","overlay-color":"","overlay-opacity":"","overlay-gradient":""},"mobile":{"background-color":"","background-image":"","background-repeat":"repeat","background-position":"center center","background-size":"auto","background-attachment":"scroll","background-type":"","background-media":"","overlay-type":"","overlay-color":"","overlay-opacity":"","overlay-gradient":""}},"ast-content-background-meta":{"desktop":{"background-color":"var(--ast-global-color-4)","background-image":"","background-repeat":"repeat","background-position":"center center","background-size":"auto","background-attachment":"scroll","background-type":"","background-media":"","overlay-type":"","overlay-color":"","overlay-opacity":"","overlay-gradient":""},"tablet":{"background-color":"var(--ast-global-color-4)","background-image":"","background-repeat":"repeat","background-position":"center center","background-size":"auto","background-attachment":"scroll","background-type":"","background-media":"","overlay-type":"","overlay-color":"","overlay-opacity":"","overlay-gradient":""},"mobile":{"background-color":"var(--ast-global-color-4)","background-image":"","background-repeat":"repeat","background-position":"center center","background-size":"auto","background-attachment":"scroll","background-type":"","background-media":"","overlay-type":"","overlay-color":"","overlay-opacity":"","overlay-gradient":""}},"_joinchat":[],"footnotes":""},"class_list":["post-1530","page","type-page","status-publish","hentry"],"_hostinger_reach_plugin_has_subscription_block":false,"_hostinger_reach_plugin_is_elementor":false,"_links":{"self":[{"href":"https:\/\/gandulcreations.com\/index.php?rest_route=\/wp\/v2\/pages\/1530","targetHints":{"allow":["GET"]}}],"collection":[{"href":"https:\/\/gandulcreations.com\/index.php?rest_route=\/wp\/v2\/pages"}],"about":[{"href":"https:\/\/gandulcreations.com\/index.php?rest_route=\/wp\/v2\/types\/page"}],"author":[{"embeddable":true,"href":"https:\/\/gandulcreations.com\/index.php?rest_route=\/wp\/v2\/users\/1"}],"replies":[{"embeddable":true,"href":"https:\/\/gandulcreations.com\/index.php?rest_route=%2Fwp%2Fv2%2Fcomments&post=1530"}],"version-history":[{"count":8,"href":"https:\/\/gandulcreations.com\/index.php?rest_route=\/wp\/v2\/pages\/1530\/revisions"}],"predecessor-version":[{"id":1796,"href":"https:\/\/gandulcreations.com\/index.php?rest_route=\/wp\/v2\/pages\/1530\/revisions\/1796"}],"wp:attachment":[{"href":"https:\/\/gandulcreations.com\/index.php?rest_route=%2Fwp%2Fv2%2Fmedia&parent=1530"}],"curies":[{"name":"wp","href":"https:\/\/api.w.org\/{rel}","templated":true}]}}