{"id":1546,"date":"2026-03-09T19:57:13","date_gmt":"2026-03-09T19:57:13","guid":{"rendered":"https:\/\/gandulcreations.com\/?page_id=1546"},"modified":"2026-03-23T23:14:09","modified_gmt":"2026-03-23T23:14:09","slug":"recargas-y-servicios","status":"publish","type":"page","link":"https:\/\/gandulcreations.com\/?page_id=1546","title":{"rendered":"Recargas y Servicios"},"content":{"rendered":"\t\t<div data-elementor-type=\"wp-page\" data-elementor-id=\"1546\" class=\"elementor elementor-1546\">\n\t\t\t\t<div class=\"elementor-element elementor-element-7d78eb8f e-con-full e-flex e-con e-parent\" data-id=\"7d78eb8f\" data-element_type=\"container\" data-e-type=\"container\" data-settings=\"{&quot;background_background&quot;:&quot;classic&quot;}\">\n\t\t<div class=\"elementor-element elementor-element-6d065e09 e-con-full e-flex e-con e-child\" data-id=\"6d065e09\" data-element_type=\"container\" data-e-type=\"container\">\n\t\t\t\t<div class=\"elementor-element elementor-element-30a6d895 elementor-widget elementor-widget-heading\" data-id=\"30a6d895\" data-element_type=\"widget\" data-e-type=\"widget\" data-widget_type=\"heading.default\">\n\t\t\t\t\t<h1 class=\"elementor-heading-title elementor-size-default\">Todo en un solo lugar, r\u00e1pido y sin complicaciones<\/h1>\t\t\t\t<\/div>\n\t\t\t\t<div class=\"elementor-element elementor-element-2bb89f2b elementor-widget elementor-widget-text-editor\" data-id=\"2bb89f2b\" data-element_type=\"widget\" data-e-type=\"widget\" data-widget_type=\"text-editor.default\">\n\t\t\t\t\t\t\t\t\t<p>En <em data-start=\"281\" data-end=\"299\">Gandul Creations<\/em> tambi\u00e9n te ofrecemos servicios esenciales para tu d\u00eda a d\u00eda, desde recargas hasta tr\u00e1mites b\u00e1sicos. Nos encargamos de facilitarte procesos para que ahorres tiempo y resuelvas todo en un solo lugar.<\/p>\t\t\t\t\t\t\t\t<\/div>\n\t\t\t\t<div class=\"elementor-element elementor-element-2a47e89 elementor-mobile-align-center elementor-widget elementor-widget-button\" data-id=\"2a47e89\" data-element_type=\"widget\" data-e-type=\"widget\" data-widget_type=\"button.default\">\n\t\t\t\t\t\t\t\t\t\t<a class=\"elementor-button elementor-button-link elementor-size-sm\" href=\"https:\/\/wa.me\/593995497192?text=Hola%20%F0%9F%98%8A%20Necesito%20que%20me%20ayude%20con\" target=\"_blank\">\n\t\t\t\t\t\t<span class=\"elementor-button-content-wrapper\">\n\t\t\t\t\t\t\t\t\t<span class=\"elementor-button-text\">Consultar por WhatsApp<\/span>\n\t\t\t\t\t<\/span>\n\t\t\t\t\t<\/a>\n\t\t\t\t\t\t\t\t<\/div>\n\t\t\t\t<\/div>\n\t\t<div class=\"elementor-element elementor-element-6839978 e-con-full e-flex e-con e-child\" data-id=\"6839978\" data-element_type=\"container\" data-e-type=\"container\">\n\t\t\t\t<div class=\"elementor-element elementor-element-36d91c78 elementor-widget elementor-widget-image\" data-id=\"36d91c78\" data-element_type=\"widget\" data-e-type=\"widget\" data-widget_type=\"image.default\">\n\t\t\t\t\t\t\t\t\t\t\t\t\t\t\t<img fetchpriority=\"high\" decoding=\"async\" width=\"819\" height=\"1024\" src=\"https:\/\/gandulcreations.com\/wp-content\/uploads\/2026\/03\/recargas-y-servicios-819x1024.jpg\" class=\"attachment-large size-large wp-image-1729\" alt=\"\" srcset=\"https:\/\/gandulcreations.com\/wp-content\/uploads\/2026\/03\/recargas-y-servicios-819x1024.jpg 819w, https:\/\/gandulcreations.com\/wp-content\/uploads\/2026\/03\/recargas-y-servicios-240x300.jpg 240w, https:\/\/gandulcreations.com\/wp-content\/uploads\/2026\/03\/recargas-y-servicios-768x960.jpg 768w, https:\/\/gandulcreations.com\/wp-content\/uploads\/2026\/03\/recargas-y-servicios-19x24.jpg 19w, https:\/\/gandulcreations.com\/wp-content\/uploads\/2026\/03\/recargas-y-servicios-29x36.jpg 29w, https:\/\/gandulcreations.com\/wp-content\/uploads\/2026\/03\/recargas-y-servicios-38x48.jpg 38w, https:\/\/gandulcreations.com\/wp-content\/uploads\/2026\/03\/recargas-y-servicios.jpg 1080w\" sizes=\"(max-width: 819px) 100vw, 819px\" \/>\t\t\t\t\t\t\t\t\t\t\t\t\t\t\t<\/div>\n\t\t\t\t<\/div>\n\t\t\t\t<\/div>\n\t\t<div class=\"elementor-element elementor-element-f3a5232 e-flex e-con-boxed e-con e-parent\" data-id=\"f3a5232\" data-element_type=\"container\" data-e-type=\"container\">\n\t\t\t\t\t<div class=\"e-con-inner\">\n\t\t<div class=\"elementor-element elementor-element-5455eca e-con-full e-flex e-con e-child\" data-id=\"5455eca\" data-element_type=\"container\" data-e-type=\"container\" data-settings=\"{&quot;background_background&quot;:&quot;classic&quot;}\">\n\t\t<div class=\"elementor-element elementor-element-b5ee568 e-con-full e-flex e-con e-child\" data-id=\"b5ee568\" data-element_type=\"container\" data-e-type=\"container\">\n\t\t\t\t<div class=\"elementor-element elementor-element-eab5930 elementor-widget elementor-widget-heading\" data-id=\"eab5930\" data-element_type=\"widget\" data-e-type=\"widget\" data-widget_type=\"heading.default\">\n\t\t\t\t\t<h2 class=\"elementor-heading-title elementor-size-default\">\ud83c\udfae Recargas a juegos<\/h2>\t\t\t\t<\/div>\n\t\t\t\t<div class=\"elementor-element elementor-element-ba4fc51 elementor-widget elementor-widget-text-editor\" data-id=\"ba4fc51\" data-element_type=\"widget\" data-e-type=\"widget\" data-widget_type=\"text-editor.default\">\n\t\t\t\t\t\t\t\t\t<p>Realiza recargas para tus juegos favoritos de forma r\u00e1pida y segura, sin complicaciones y con atenci\u00f3n inmediata.<\/p>\t\t\t\t\t\t\t\t<\/div>\n\t\t\t\t<\/div>\n\t\t<div class=\"elementor-element elementor-element-f6ea84d e-con-full e-flex e-con e-child\" data-id=\"f6ea84d\" data-element_type=\"container\" data-e-type=\"container\">\n\t\t\t\t<div class=\"elementor-element elementor-element-c2e244f elementor-widget elementor-widget-image\" data-id=\"c2e244f\" data-element_type=\"widget\" data-e-type=\"widget\" data-widget_type=\"image.default\">\n\t\t\t\t\t\t\t\t\t\t\t\t\t\t\t\t<a href=\"https:\/\/wa.me\/593995497192?text=Hola%20%F0%9F%98%8A%20Necesito%20una%20recarga%20para%20el%20juego\" target=\"_blank\">\n\t\t\t\t\t\t\t<img decoding=\"async\" width=\"1024\" height=\"576\" src=\"https:\/\/gandulcreations.com\/wp-content\/uploads\/2026\/03\/481479783_9188938087867893_1024794680162287917_n-1024x576.jpg\" class=\"attachment-large size-large wp-image-1737\" alt=\"\" srcset=\"https:\/\/gandulcreations.com\/wp-content\/uploads\/2026\/03\/481479783_9188938087867893_1024794680162287917_n-1024x576.jpg 1024w, https:\/\/gandulcreations.com\/wp-content\/uploads\/2026\/03\/481479783_9188938087867893_1024794680162287917_n-300x169.jpg 300w, https:\/\/gandulcreations.com\/wp-content\/uploads\/2026\/03\/481479783_9188938087867893_1024794680162287917_n-768x432.jpg 768w, https:\/\/gandulcreations.com\/wp-content\/uploads\/2026\/03\/481479783_9188938087867893_1024794680162287917_n-24x14.jpg 24w, https:\/\/gandulcreations.com\/wp-content\/uploads\/2026\/03\/481479783_9188938087867893_1024794680162287917_n-36x20.jpg 36w, https:\/\/gandulcreations.com\/wp-content\/uploads\/2026\/03\/481479783_9188938087867893_1024794680162287917_n-48x27.jpg 48w, https:\/\/gandulcreations.com\/wp-content\/uploads\/2026\/03\/481479783_9188938087867893_1024794680162287917_n.jpg 1096w\" sizes=\"(max-width: 1024px) 100vw, 1024px\" \/>\t\t\t\t\t\t\t\t<\/a>\n\t\t\t\t\t\t\t\t\t\t\t\t\t\t\t<\/div>\n\t\t\t\t<\/div>\n\t\t\t\t<\/div>\n\t\t\t\t\t<\/div>\n\t\t\t\t<\/div>\n\t\t<div class=\"elementor-element elementor-element-6da9378 e-con-full e-flex e-con e-parent\" data-id=\"6da9378\" data-element_type=\"container\" data-e-type=\"container\" data-settings=\"{&quot;background_background&quot;:&quot;classic&quot;}\">\n\t\t<div class=\"elementor-element elementor-element-b4eda61 e-con-full e-flex e-con e-child\" data-id=\"b4eda61\" data-element_type=\"container\" data-e-type=\"container\">\n\t\t\t\t<div class=\"elementor-element elementor-element-eb4770d elementor-widget elementor-widget-heading\" data-id=\"eb4770d\" data-element_type=\"widget\" data-e-type=\"widget\" data-widget_type=\"heading.default\">\n\t\t\t\t\t<h2 class=\"elementor-heading-title elementor-size-default\">\ud83d\udcb3 Pagos y servicios bancario<\/h2>\t\t\t\t<\/div>\n\t\t\t\t<div class=\"elementor-element elementor-element-82d333b elementor-widget elementor-widget-text-editor\" data-id=\"82d333b\" data-element_type=\"widget\" data-e-type=\"widget\" data-widget_type=\"text-editor.default\">\n\t\t\t\t\t\t\t\t\t<p>Te ayudamos con pagos de servicios, transferencias y gestiones b\u00e1sicas, brind\u00e1ndote una alternativa r\u00e1pida y confiable.<\/p>\t\t\t\t\t\t\t\t<\/div>\n\t\t\t\t<\/div>\n\t\t<div class=\"elementor-element elementor-element-873a6a2 e-con-full e-flex e-con e-child\" data-id=\"873a6a2\" data-element_type=\"container\" data-e-type=\"container\">\n\t\t\t\t<div class=\"elementor-element elementor-element-d683426 elementor-widget elementor-widget-image\" data-id=\"d683426\" data-element_type=\"widget\" data-e-type=\"widget\" data-widget_type=\"image.default\">\n\t\t\t\t\t\t\t\t\t\t\t\t\t\t\t\t<a href=\"https:\/\/wa.me\/593995497192?text=Hola%20%F0%9F%98%8A%20Necesito%20realizar%20un%20dep%C3%B3sito%20o%20pago%20a%20trav%C3%A9s%20de%20Banco%20del%20Barrio%20del%20Banco%20Guayaquil.%20%C2%BFMe%20pueden%20ayudar%3F\" target=\"_blank\">\n\t\t\t\t\t\t\t<img decoding=\"async\" width=\"1024\" height=\"576\" src=\"https:\/\/gandulcreations.com\/wp-content\/uploads\/2026\/03\/868acd169778153.64556a16e6158-1024x576.jpg\" class=\"attachment-large size-large wp-image-1736\" alt=\"\" srcset=\"https:\/\/gandulcreations.com\/wp-content\/uploads\/2026\/03\/868acd169778153.64556a16e6158-1024x576.jpg 1024w, https:\/\/gandulcreations.com\/wp-content\/uploads\/2026\/03\/868acd169778153.64556a16e6158-300x169.jpg 300w, https:\/\/gandulcreations.com\/wp-content\/uploads\/2026\/03\/868acd169778153.64556a16e6158-768x432.jpg 768w, https:\/\/gandulcreations.com\/wp-content\/uploads\/2026\/03\/868acd169778153.64556a16e6158-24x14.jpg 24w, https:\/\/gandulcreations.com\/wp-content\/uploads\/2026\/03\/868acd169778153.64556a16e6158-36x20.jpg 36w, https:\/\/gandulcreations.com\/wp-content\/uploads\/2026\/03\/868acd169778153.64556a16e6158-48x27.jpg 48w, https:\/\/gandulcreations.com\/wp-content\/uploads\/2026\/03\/868acd169778153.64556a16e6158.jpg 1390w\" sizes=\"(max-width: 1024px) 100vw, 1024px\" \/>\t\t\t\t\t\t\t\t<\/a>\n\t\t\t\t\t\t\t\t\t\t\t\t\t\t\t<\/div>\n\t\t\t\t<\/div>\n\t\t\t\t<\/div>\n\t\t<div class=\"elementor-element elementor-element-6def234a e-con-full e-flex e-con e-parent\" data-id=\"6def234a\" data-element_type=\"container\" data-e-type=\"container\" data-settings=\"{&quot;background_background&quot;:&quot;classic&quot;}\">\n\t\t<div class=\"elementor-element elementor-element-2b085085 e-con-full e-flex e-con e-child\" data-id=\"2b085085\" data-element_type=\"container\" data-e-type=\"container\">\n\t\t\t\t<div class=\"elementor-element elementor-element-788b898f elementor-widget elementor-widget-heading\" data-id=\"788b898f\" data-element_type=\"widget\" data-e-type=\"widget\" data-widget_type=\"heading.default\">\n\t\t\t\t\t<h2 class=\"elementor-heading-title elementor-size-default\">\ud83d\udcf1 Recargas m\u00f3viles<\/h2>\t\t\t\t<\/div>\n\t\t\t\t<div class=\"elementor-element elementor-element-596db319 elementor-widget elementor-widget-text-editor\" data-id=\"596db319\" data-element_type=\"widget\" data-e-type=\"widget\" data-widget_type=\"text-editor.default\">\n\t\t\t\t\t\t\t\t\t<p>Recarga saldo a cualquier operadora de manera f\u00e1cil y al instante, para que siempre est\u00e9s conectado.<\/p>\t\t\t\t\t\t\t\t<\/div>\n\t\t\t\t<\/div>\n\t\t<div class=\"elementor-element elementor-element-3b75bc5b e-con-full e-flex e-con e-child\" data-id=\"3b75bc5b\" data-element_type=\"container\" data-e-type=\"container\">\n\t\t\t\t<div class=\"elementor-element elementor-element-186fb403 elementor-widget elementor-widget-image\" data-id=\"186fb403\" data-element_type=\"widget\" data-e-type=\"widget\" data-widget_type=\"image.default\">\n\t\t\t\t\t\t\t\t\t\t\t\t\t\t\t\t<a href=\"https:\/\/wa.me\/593995497192?text=Hola%20%F0%9F%98%8A%20Necesito%20una%20recarga%20de%20la%20operadora\" target=\"_blank\">\n\t\t\t\t\t\t\t<img loading=\"lazy\" decoding=\"async\" width=\"1024\" height=\"576\" src=\"https:\/\/gandulcreations.com\/wp-content\/uploads\/2026\/03\/pagos-paquetes-04934-1024x576.png\" class=\"attachment-large size-large wp-image-1738\" alt=\"\" srcset=\"https:\/\/gandulcreations.com\/wp-content\/uploads\/2026\/03\/pagos-paquetes-04934-1024x576.png 1024w, https:\/\/gandulcreations.com\/wp-content\/uploads\/2026\/03\/pagos-paquetes-04934-300x169.png 300w, https:\/\/gandulcreations.com\/wp-content\/uploads\/2026\/03\/pagos-paquetes-04934-768x432.png 768w, https:\/\/gandulcreations.com\/wp-content\/uploads\/2026\/03\/pagos-paquetes-04934-24x14.png 24w, https:\/\/gandulcreations.com\/wp-content\/uploads\/2026\/03\/pagos-paquetes-04934-36x20.png 36w, https:\/\/gandulcreations.com\/wp-content\/uploads\/2026\/03\/pagos-paquetes-04934-48x27.png 48w, https:\/\/gandulcreations.com\/wp-content\/uploads\/2026\/03\/pagos-paquetes-04934.png 1120w\" sizes=\"(max-width: 1024px) 100vw, 1024px\" \/>\t\t\t\t\t\t\t\t<\/a>\n\t\t\t\t\t\t\t\t\t\t\t\t\t\t\t<\/div>\n\t\t\t\t<\/div>\n\t\t\t\t<\/div>\n\t\t<div class=\"elementor-element elementor-element-3150e8be e-con-full e-flex e-con e-parent\" data-id=\"3150e8be\" data-element_type=\"container\" data-e-type=\"container\" data-settings=\"{&quot;background_background&quot;:&quot;classic&quot;}\">\n\t\t<div class=\"elementor-element elementor-element-34442cc5 e-con-full e-flex e-con e-child\" data-id=\"34442cc5\" data-element_type=\"container\" data-e-type=\"container\">\n\t\t\t\t<div class=\"elementor-element elementor-element-7d7615e1 elementor-widget elementor-widget-heading\" data-id=\"7d7615e1\" data-element_type=\"widget\" data-e-type=\"widget\" data-widget_type=\"heading.default\">\n\t\t\t\t\t<h2 class=\"elementor-heading-title elementor-size-default\">\ud83e\udeaa Tr\u00e1mites y servicios p\u00fablicos<\/h2>\t\t\t\t<\/div>\n\t\t\t\t<div class=\"elementor-element elementor-element-6ac89798 elementor-widget elementor-widget-text-editor\" data-id=\"6ac89798\" data-element_type=\"widget\" data-e-type=\"widget\" data-widget_type=\"text-editor.default\">\n\t\t\t\t\t\t\t\t\t<p>Te apoyamos en la gesti\u00f3n de turnos para c\u00e9dula y otros tr\u00e1mites, facilitando procesos que suelen ser complicados o demorados.<\/p>\t\t\t\t\t\t\t\t<\/div>\n\t\t\t\t<\/div>\n\t\t<div class=\"elementor-element elementor-element-1b701b08 e-con-full e-flex e-con e-child\" data-id=\"1b701b08\" data-element_type=\"container\" data-e-type=\"container\">\n\t\t\t\t<div class=\"elementor-element elementor-element-66c9ff94 elementor-widget elementor-widget-image\" data-id=\"66c9ff94\" data-element_type=\"widget\" data-e-type=\"widget\" data-widget_type=\"image.default\">\n\t\t\t\t\t\t\t\t\t\t\t\t\t\t\t\t<a href=\"https:\/\/wa.me\/593995497192?text=Hola%20%F0%9F%98%8A%20Necesito%20ayuda%20con%20servicios%20p%C3%BAblicos%2C%20agendamiento%20de%20turnos%20o%20pago%20de%20impuestos.%20%C2%BFMe%20pueden%20asesorar%3F\" target=\"_blank\">\n\t\t\t\t\t\t\t<img loading=\"lazy\" decoding=\"async\" width=\"1024\" height=\"576\" src=\"https:\/\/gandulcreations.com\/wp-content\/uploads\/2026\/03\/Servicios-ciudadanos-se-atienden-con-normalidad-1024x576.jpg\" class=\"attachment-large size-large wp-image-1739\" alt=\"\" srcset=\"https:\/\/gandulcreations.com\/wp-content\/uploads\/2026\/03\/Servicios-ciudadanos-se-atienden-con-normalidad-1024x576.jpg 1024w, https:\/\/gandulcreations.com\/wp-content\/uploads\/2026\/03\/Servicios-ciudadanos-se-atienden-con-normalidad-300x169.jpg 300w, https:\/\/gandulcreations.com\/wp-content\/uploads\/2026\/03\/Servicios-ciudadanos-se-atienden-con-normalidad-768x432.jpg 768w, https:\/\/gandulcreations.com\/wp-content\/uploads\/2026\/03\/Servicios-ciudadanos-se-atienden-con-normalidad-24x13.jpg 24w, https:\/\/gandulcreations.com\/wp-content\/uploads\/2026\/03\/Servicios-ciudadanos-se-atienden-con-normalidad-36x20.jpg 36w, https:\/\/gandulcreations.com\/wp-content\/uploads\/2026\/03\/Servicios-ciudadanos-se-atienden-con-normalidad-48x27.jpg 48w, https:\/\/gandulcreations.com\/wp-content\/uploads\/2026\/03\/Servicios-ciudadanos-se-atienden-con-normalidad.jpg 1250w\" sizes=\"(max-width: 1024px) 100vw, 1024px\" \/>\t\t\t\t\t\t\t\t<\/a>\n\t\t\t\t\t\t\t\t\t\t\t\t\t\t\t<\/div>\n\t\t\t\t<\/div>\n\t\t\t\t<\/div>\n\t\t\t\t<\/div>\n\t\t","protected":false},"excerpt":{"rendered":"<p>Todo en un solo lugar, r\u00e1pido y sin complicaciones En Gandul Creations tambi\u00e9n te ofrecemos servicios esenciales para tu d\u00eda [&hellip;]<\/p>\n","protected":false},"author":1,"featured_media":0,"parent":0,"menu_order":0,"comment_status":"closed","ping_status":"closed","template":"","meta":{"_crdt_document":"","site-sidebar-layout":"no-sidebar","site-content-layout":"","ast-site-content-layout":"full-width-container","site-content-style":"default","site-sidebar-style":"default","ast-global-header-display":"","ast-banner-title-visibility":"","ast-main-header-display":"","ast-hfb-above-header-display":"","ast-hfb-below-header-display":"","ast-hfb-mobile-header-display":"","site-post-title":"disabled","ast-breadcrumbs-content":"","ast-featured-img":"disabled","footer-sml-layout":"","ast-disable-related-posts":"","theme-transparent-header-meta":"","adv-header-id-meta":"","stick-header-meta":"","header-above-stick-meta":"","header-main-stick-meta":"","header-below-stick-meta":"","astra-migrate-meta-layouts":"default","ast-page-background-enabled":"default","ast-page-background-meta":{"desktop":{"background-color":"var(--ast-global-color-5)","background-image":"","background-repeat":"repeat","background-position":"center center","background-size":"auto","background-attachment":"scroll","background-type":"","background-media":"","overlay-type":"","overlay-color":"","overlay-opacity":"","overlay-gradient":""},"tablet":{"background-color":"","background-image":"","background-repeat":"repeat","background-position":"center center","background-size":"auto","background-attachment":"scroll","background-type":"","background-media":"","overlay-type":"","overlay-color":"","overlay-opacity":"","overlay-gradient":""},"mobile":{"background-color":"","background-image":"","background-repeat":"repeat","background-position":"center center","background-size":"auto","background-attachment":"scroll","background-type":"","background-media":"","overlay-type":"","overlay-color":"","overlay-opacity":"","overlay-gradient":""}},"ast-content-background-meta":{"desktop":{"background-color":"var(--ast-global-color-4)","background-image":"","background-repeat":"repeat","background-position":"center center","background-size":"auto","background-attachment":"scroll","background-type":"","background-media":"","overlay-type":"","overlay-color":"","overlay-opacity":"","overlay-gradient":""},"tablet":{"background-color":"var(--ast-global-color-4)","background-image":"","background-repeat":"repeat","background-position":"center center","background-size":"auto","background-attachment":"scroll","background-type":"","background-media":"","overlay-type":"","overlay-color":"","overlay-opacity":"","overlay-gradient":""},"mobile":{"background-color":"var(--ast-global-color-4)","background-image":"","background-repeat":"repeat","background-position":"center center","background-size":"auto","background-attachment":"scroll","background-type":"","background-media":"","overlay-type":"","overlay-color":"","overlay-opacity":"","overlay-gradient":""}},"_joinchat":[],"footnotes":""},"class_list":["post-1546","page","type-page","status-publish","hentry"],"_hostinger_reach_plugin_has_subscription_block":false,"_hostinger_reach_plugin_is_elementor":false,"_links":{"self":[{"href":"https:\/\/gandulcreations.com\/index.php?rest_route=\/wp\/v2\/pages\/1546","targetHints":{"allow":["GET"]}}],"collection":[{"href":"https:\/\/gandulcreations.com\/index.php?rest_route=\/wp\/v2\/pages"}],"about":[{"href":"https:\/\/gandulcreations.com\/index.php?rest_route=\/wp\/v2\/types\/page"}],"author":[{"embeddable":true,"href":"https:\/\/gandulcreations.com\/index.php?rest_route=\/wp\/v2\/users\/1"}],"replies":[{"embeddable":true,"href":"https:\/\/gandulcreations.com\/index.php?rest_route=%2Fwp%2Fv2%2Fcomments&post=1546"}],"version-history":[{"count":11,"href":"https:\/\/gandulcreations.com\/index.php?rest_route=\/wp\/v2\/pages\/1546\/revisions"}],"predecessor-version":[{"id":1764,"href":"https:\/\/gandulcreations.com\/index.php?rest_route=\/wp\/v2\/pages\/1546\/revisions\/1764"}],"wp:attachment":[{"href":"https:\/\/gandulcreations.com\/index.php?rest_route=%2Fwp%2Fv2%2Fmedia&parent=1546"}],"curies":[{"name":"wp","href":"https:\/\/api.w.org\/{rel}","templated":true}]}}