{"id":1548,"date":"2026-03-09T19:57:13","date_gmt":"2026-03-09T19:57:13","guid":{"rendered":"https:\/\/gandulcreations.com\/?page_id=1548"},"modified":"2026-03-30T22:15:29","modified_gmt":"2026-03-30T22:15:29","slug":"paginas-web","status":"publish","type":"page","link":"https:\/\/gandulcreations.com\/?page_id=1548","title":{"rendered":"P\u00e1ginas Web"},"content":{"rendered":"\t\t<div data-elementor-type=\"wp-page\" data-elementor-id=\"1548\" class=\"elementor elementor-1548\">\n\t\t\t\t<div class=\"elementor-element elementor-element-ce41f23 e-flex e-con-boxed e-con e-parent\" data-id=\"ce41f23\" data-element_type=\"container\" data-e-type=\"container\" data-settings=\"{&quot;background_background&quot;:&quot;classic&quot;}\">\n\t\t\t\t\t<div class=\"e-con-inner\">\n\t\t\t\t<div class=\"elementor-element elementor-element-62849fb3 elementor-widget elementor-widget-heading\" data-id=\"62849fb3\" data-element_type=\"widget\" data-e-type=\"widget\" data-widget_type=\"heading.default\">\n\t\t\t\t\t<h6 class=\"elementor-heading-title elementor-size-default\">WELCOME TO OUR WEBSITE<\/h6>\t\t\t\t<\/div>\n\t\t\t\t<div class=\"elementor-element elementor-element-181cee82 elementor-widget elementor-widget-heading\" data-id=\"181cee82\" data-element_type=\"widget\" data-e-type=\"widget\" data-widget_type=\"heading.default\">\n\t\t\t\t\t<h1 class=\"elementor-heading-title elementor-size-default\">Paginas  web <\/h1>\t\t\t\t<\/div>\n\t\t\t\t<div class=\"elementor-element elementor-element-7eadf0a0 elementor-align-center elementor-widget elementor-widget-button\" data-id=\"7eadf0a0\" data-element_type=\"widget\" data-e-type=\"widget\" data-widget_type=\"button.default\">\n\t\t\t\t\t\t\t\t\t\t<a class=\"elementor-button elementor-button-link elementor-size-sm\" href=\"https:\/\/library.elementor.com\/local-services-wireframe-1\/contact\/\">\n\t\t\t\t\t\t<span class=\"elementor-button-content-wrapper\">\n\t\t\t\t\t\t\t\t\t<span class=\"elementor-button-text\">Contact us<\/span>\n\t\t\t\t\t<\/span>\n\t\t\t\t\t<\/a>\n\t\t\t\t\t\t\t\t<\/div>\n\t\t\t\t\t<\/div>\n\t\t\t\t<\/div>\n\t\t<div class=\"elementor-element elementor-element-8cf256e e-flex e-con-boxed e-con e-parent\" data-id=\"8cf256e\" data-element_type=\"container\" data-e-type=\"container\" data-settings=\"{&quot;background_background&quot;:&quot;classic&quot;}\">\n\t\t\t\t\t<div class=\"e-con-inner\">\n\t\t<div class=\"elementor-element elementor-element-fc3287e e-con-full e-flex e-con e-child\" data-id=\"fc3287e\" data-element_type=\"container\" data-e-type=\"container\">\n\t\t\t\t<div class=\"elementor-element elementor-element-a88499f elementor-invisible elementor-widget elementor-widget-image\" data-id=\"a88499f\" data-element_type=\"widget\" data-e-type=\"widget\" data-settings=\"{&quot;_animation&quot;:&quot;rotateInDownLeft&quot;}\" data-widget_type=\"image.default\">\n\t\t\t\t\t\t\t\t\t\t\t\t\t\t\t<img fetchpriority=\"high\" decoding=\"async\" width=\"500\" height=\"500\" src=\"https:\/\/gandulcreations.com\/wp-content\/uploads\/2026\/03\/Logo-Salon-de-Unas-Moderno-Morado-1-2.png\" class=\"attachment-large size-large wp-image-1870\" alt=\"\" srcset=\"https:\/\/gandulcreations.com\/wp-content\/uploads\/2026\/03\/Logo-Salon-de-Unas-Moderno-Morado-1-2.png 500w, https:\/\/gandulcreations.com\/wp-content\/uploads\/2026\/03\/Logo-Salon-de-Unas-Moderno-Morado-1-2-300x300.png 300w, https:\/\/gandulcreations.com\/wp-content\/uploads\/2026\/03\/Logo-Salon-de-Unas-Moderno-Morado-1-2-150x150.png 150w, https:\/\/gandulcreations.com\/wp-content\/uploads\/2026\/03\/Logo-Salon-de-Unas-Moderno-Morado-1-2-24x24.png 24w, https:\/\/gandulcreations.com\/wp-content\/uploads\/2026\/03\/Logo-Salon-de-Unas-Moderno-Morado-1-2-36x36.png 36w, https:\/\/gandulcreations.com\/wp-content\/uploads\/2026\/03\/Logo-Salon-de-Unas-Moderno-Morado-1-2-48x48.png 48w\" sizes=\"(max-width: 500px) 100vw, 500px\" \/>\t\t\t\t\t\t\t\t\t\t\t\t\t\t\t<\/div>\n\t\t\t\t<\/div>\n\t\t<div class=\"elementor-element elementor-element-58cbb40 e-con-full e-flex e-con e-child\" data-id=\"58cbb40\" data-element_type=\"container\" data-e-type=\"container\">\n\t\t\t\t<div class=\"elementor-element elementor-element-0d04264 elementor-invisible elementor-widget elementor-widget-heading\" data-id=\"0d04264\" data-element_type=\"widget\" data-e-type=\"widget\" data-settings=\"{&quot;_animation&quot;:&quot;fadeInUp&quot;}\" data-widget_type=\"heading.default\">\n\t\t\t\t\t<h2 class=\"elementor-heading-title elementor-size-default\">Dise\u00f1os web que eleva tu marca <\/h2>\t\t\t\t<\/div>\n\t\t\t\t<div class=\"elementor-element elementor-element-aeb390d elementor-invisible elementor-widget elementor-widget-text-editor\" data-id=\"aeb390d\" data-element_type=\"widget\" data-e-type=\"widget\" data-settings=\"{&quot;_animation&quot;:&quot;zoomInUp&quot;}\" data-widget_type=\"text-editor.default\">\n\t\t\t\t\t\t\t\t\t<p data-start=\"190\" data-end=\"415\">Creamos p\u00e1ginas web atractivas, r\u00e1pidas y adaptadas a cualquier dispositivo. Nos enfocamos en que tu marca destaque desde el primer momento, transmitiendo confianza y profesionalismo a cada cliente que te visita.<\/p>\t\t\t\t\t\t\t\t<\/div>\n\t\t\t\t<\/div>\n\t\t\t\t\t<\/div>\n\t\t\t\t<\/div>\n\t\t<div class=\"elementor-element elementor-element-75db44d e-flex e-con-boxed elementor-invisible e-con e-parent\" data-id=\"75db44d\" data-element_type=\"container\" data-e-type=\"container\" data-settings=\"{&quot;background_background&quot;:&quot;classic&quot;,&quot;animation&quot;:&quot;fadeInRight&quot;}\">\n\t\t\t\t\t<div class=\"e-con-inner\">\n\t\t<div class=\"elementor-element elementor-element-7a425c1 e-con-full e-flex e-con e-child\" data-id=\"7a425c1\" data-element_type=\"container\" data-e-type=\"container\">\n\t\t\t\t<div class=\"elementor-element elementor-element-5214554 elementor-invisible elementor-widget elementor-widget-heading\" data-id=\"5214554\" data-element_type=\"widget\" data-e-type=\"widget\" data-settings=\"{&quot;_animation&quot;:&quot;fadeInUp&quot;}\" data-widget_type=\"heading.default\">\n\t\t\t\t\t<h2 class=\"elementor-heading-title elementor-size-default\">MAS CLIENTES <\/h2>\t\t\t\t<\/div>\n\t\t\t\t<div class=\"elementor-element elementor-element-979e5e0 elementor-view-default elementor-invisible elementor-widget elementor-widget-icon\" data-id=\"979e5e0\" data-element_type=\"widget\" data-e-type=\"widget\" data-settings=\"{&quot;_animation&quot;:&quot;fadeIn&quot;}\" data-widget_type=\"icon.default\">\n\t\t\t\t\t\t\t<div class=\"elementor-icon-wrapper\">\n\t\t\t<div class=\"elementor-icon elementor-animation-pulse-grow\">\n\t\t\t<svg aria-hidden=\"true\" class=\"e-font-icon-svg e-fas-rocket\" viewBox=\"0 0 512 512\" xmlns=\"http:\/\/www.w3.org\/2000\/svg\"><path d=\"M505.12019,19.09375c-1.18945-5.53125-6.65819-11-12.207-12.1875C460.716,0,435.507,0,410.40747,0,307.17523,0,245.26909,55.20312,199.05238,128H94.83772c-16.34763.01562-35.55658,11.875-42.88664,26.48438L2.51562,253.29688A28.4,28.4,0,0,0,0,264a24.00867,24.00867,0,0,0,24.00582,24H127.81618l-22.47457,22.46875c-11.36521,11.36133-12.99607,32.25781,0,45.25L156.24582,406.625c11.15623,11.1875,32.15619,13.15625,45.27726,0l22.47457-22.46875V488a24.00867,24.00867,0,0,0,24.00581,24,28.55934,28.55934,0,0,0,10.707-2.51562l98.72834-49.39063c14.62888-7.29687,26.50776-26.5,26.50776-42.85937V312.79688c72.59753-46.3125,128.03493-108.40626,128.03493-211.09376C512.07526,76.5,512.07526,51.29688,505.12019,19.09375ZM384.04033,168A40,40,0,1,1,424.05,128,40.02322,40.02322,0,0,1,384.04033,168Z\"><\/path><\/svg>\t\t\t<\/div>\n\t\t<\/div>\n\t\t\t\t\t\t<\/div>\n\t\t\t\t<div class=\"elementor-element elementor-element-eb54d7d elementor-invisible elementor-widget elementor-widget-text-editor\" data-id=\"eb54d7d\" data-element_type=\"widget\" data-e-type=\"widget\" data-settings=\"{&quot;_animation&quot;:&quot;fadeInUp&quot;}\" data-widget_type=\"text-editor.default\">\n\t\t\t\t\t\t\t\t\t<p>Tu p\u00e1gina web trabaja por ti 24\/7, atrayendo nuevos clientes y generando oportunidades sin que tengas que estar pendiente todo el tiempo.<\/p>\t\t\t\t\t\t\t\t<\/div>\n\t\t\t\t<\/div>\n\t\t<div class=\"elementor-element elementor-element-1d395fb e-con-full e-flex e-con e-child\" data-id=\"1d395fb\" data-element_type=\"container\" data-e-type=\"container\">\n\t\t\t\t<div class=\"elementor-element elementor-element-93a7e87 elementor-invisible elementor-widget elementor-widget-heading\" data-id=\"93a7e87\" data-element_type=\"widget\" data-e-type=\"widget\" data-settings=\"{&quot;_animation&quot;:&quot;fadeInUp&quot;}\" data-widget_type=\"heading.default\">\n\t\t\t\t\t<h2 class=\"elementor-heading-title elementor-size-default\">MARCA FUERTE<\/h2>\t\t\t\t<\/div>\n\t\t\t\t<div class=\"elementor-element elementor-element-0f1e15a elementor-view-default elementor-invisible elementor-widget elementor-widget-icon\" data-id=\"0f1e15a\" data-element_type=\"widget\" data-e-type=\"widget\" data-settings=\"{&quot;_animation&quot;:&quot;fadeInUp&quot;}\" data-widget_type=\"icon.default\">\n\t\t\t\t\t\t\t<div class=\"elementor-icon-wrapper\">\n\t\t\t<div class=\"elementor-icon\">\n\t\t\t<svg aria-hidden=\"true\" class=\"e-font-icon-svg e-fas-briefcase\" viewBox=\"0 0 512 512\" xmlns=\"http:\/\/www.w3.org\/2000\/svg\"><path d=\"M320 336c0 8.84-7.16 16-16 16h-96c-8.84 0-16-7.16-16-16v-48H0v144c0 25.6 22.4 48 48 48h416c25.6 0 48-22.4 48-48V288H320v48zm144-208h-80V80c0-25.6-22.4-48-48-48H176c-25.6 0-48 22.4-48 48v48H48c-25.6 0-48 22.4-48 48v80h512v-80c0-25.6-22.4-48-48-48zm-144 0H192V96h128v32z\"><\/path><\/svg>\t\t\t<\/div>\n\t\t<\/div>\n\t\t\t\t\t\t<\/div>\n\t\t\t\t<div class=\"elementor-element elementor-element-a7392f4 elementor-invisible elementor-widget elementor-widget-text-editor\" data-id=\"a7392f4\" data-element_type=\"widget\" data-e-type=\"widget\" data-settings=\"{&quot;_animation&quot;:&quot;fadeInUp&quot;}\" data-widget_type=\"text-editor.default\">\n\t\t\t\t\t\t\t\t\t<p>Una web bien dise\u00f1ada transmite confianza y seriedad, haciendo que tu negocio destaque frente a la competencia desde el primer vistazo.\n<\/p>\t\t\t\t\t\t\t\t<\/div>\n\t\t\t\t<\/div>\n\t\t<div class=\"elementor-element elementor-element-c5b3ef3 e-con-full e-flex e-con e-child\" data-id=\"c5b3ef3\" data-element_type=\"container\" data-e-type=\"container\">\n\t\t\t\t<div class=\"elementor-element elementor-element-04ec555 elementor-invisible elementor-widget elementor-widget-heading\" data-id=\"04ec555\" data-element_type=\"widget\" data-e-type=\"widget\" data-settings=\"{&quot;_animation&quot;:&quot;fadeInUp&quot;}\" data-widget_type=\"heading.default\">\n\t\t\t\t\t<h2 class=\"elementor-heading-title elementor-size-default\">MAS VENTAS<\/h2>\t\t\t\t<\/div>\n\t\t\t\t<div class=\"elementor-element elementor-element-d021f0e elementor-view-default elementor-invisible elementor-widget elementor-widget-icon\" data-id=\"d021f0e\" data-element_type=\"widget\" data-e-type=\"widget\" data-settings=\"{&quot;_animation&quot;:&quot;fadeInUp&quot;}\" data-widget_type=\"icon.default\">\n\t\t\t\t\t\t\t<div class=\"elementor-icon-wrapper\">\n\t\t\t<div class=\"elementor-icon\">\n\t\t\t<svg aria-hidden=\"true\" class=\"e-font-icon-svg e-fas-bolt\" viewBox=\"0 0 320 512\" xmlns=\"http:\/\/www.w3.org\/2000\/svg\"><path d=\"M296 160H180.6l42.6-129.8C227.2 15 215.7 0 200 0H56C44 0 33.8 8.9 32.2 20.8l-32 240C-1.7 275.2 9.5 288 24 288h118.7L96.6 482.5c-3.6 15.2 8 29.5 23.3 29.5 8.4 0 16.4-4.4 20.8-12l176-304c9.3-15.9-2.2-36-20.7-36z\"><\/path><\/svg>\t\t\t<\/div>\n\t\t<\/div>\n\t\t\t\t\t\t<\/div>\n\t\t\t\t<div class=\"elementor-element elementor-element-7046b9c elementor-invisible elementor-widget elementor-widget-text-editor\" data-id=\"7046b9c\" data-element_type=\"widget\" data-e-type=\"widget\" data-settings=\"{&quot;_animation&quot;:&quot;fadeInUp&quot;}\" data-widget_type=\"text-editor.default\">\n\t\t\t\t\t\t\t\t\t<p>No solo se trata de tener presencia online, sino de convertir visitas en clientes reales con una estructura pensada para vender.\ud83d\ude80 M\u00c1S CLIENTES<\/p>\t\t\t\t\t\t\t\t<\/div>\n\t\t\t\t<\/div>\n\t\t\t\t\t<\/div>\n\t\t\t\t<\/div>\n\t\t<div class=\"elementor-element elementor-element-5436212 e-flex e-con-boxed e-con e-parent\" data-id=\"5436212\" data-element_type=\"container\" data-e-type=\"container\" data-settings=\"{&quot;background_background&quot;:&quot;classic&quot;}\">\n\t\t\t\t\t<div class=\"e-con-inner\">\n\t\t\t\t<div class=\"elementor-element elementor-element-a380885 elementor-widget elementor-widget-heading\" data-id=\"a380885\" data-element_type=\"widget\" data-e-type=\"widget\" data-widget_type=\"heading.default\">\n\t\t\t\t\t<h2 class=\"elementor-heading-title elementor-size-default\">Nuestros cliente<\/h2>\t\t\t\t<\/div>\n\t\t\t\t\t<\/div>\n\t\t\t\t<\/div>\n\t\t<div class=\"elementor-element elementor-element-b6566b5 e-flex e-con-boxed e-con e-parent\" data-id=\"b6566b5\" data-element_type=\"container\" data-e-type=\"container\" data-settings=\"{&quot;background_background&quot;:&quot;classic&quot;}\">\n\t\t\t\t\t<div class=\"e-con-inner\">\n\t\t<div class=\"elementor-element elementor-element-38dd6ce e-con-full e-flex e-con e-child\" data-id=\"38dd6ce\" data-element_type=\"container\" data-e-type=\"container\">\n\t\t\t\t<div class=\"elementor-element elementor-element-78440b7 elementor-invisible elementor-widget elementor-widget-image\" data-id=\"78440b7\" data-element_type=\"widget\" data-e-type=\"widget\" data-settings=\"{&quot;_animation&quot;:&quot;fadeInUp&quot;}\" data-widget_type=\"image.default\">\n\t\t\t\t\t\t\t\t\t\t\t\t\t\t\t<img decoding=\"async\" width=\"1024\" height=\"1024\" src=\"https:\/\/gandulcreations.com\/wp-content\/uploads\/2026\/03\/ChatGPT-Image-19-ene-2026-08_47_58.png\" class=\"attachment-large size-large wp-image-1879\" alt=\"\" srcset=\"https:\/\/gandulcreations.com\/wp-content\/uploads\/2026\/03\/ChatGPT-Image-19-ene-2026-08_47_58.png 1024w, https:\/\/gandulcreations.com\/wp-content\/uploads\/2026\/03\/ChatGPT-Image-19-ene-2026-08_47_58-300x300.png 300w, https:\/\/gandulcreations.com\/wp-content\/uploads\/2026\/03\/ChatGPT-Image-19-ene-2026-08_47_58-150x150.png 150w, https:\/\/gandulcreations.com\/wp-content\/uploads\/2026\/03\/ChatGPT-Image-19-ene-2026-08_47_58-768x768.png 768w, https:\/\/gandulcreations.com\/wp-content\/uploads\/2026\/03\/ChatGPT-Image-19-ene-2026-08_47_58-24x24.png 24w, https:\/\/gandulcreations.com\/wp-content\/uploads\/2026\/03\/ChatGPT-Image-19-ene-2026-08_47_58-36x36.png 36w, https:\/\/gandulcreations.com\/wp-content\/uploads\/2026\/03\/ChatGPT-Image-19-ene-2026-08_47_58-48x48.png 48w\" sizes=\"(max-width: 1024px) 100vw, 1024px\" \/>\t\t\t\t\t\t\t\t\t\t\t\t\t\t\t<\/div>\n\t\t\t\t<div class=\"elementor-element elementor-element-09c0af9 elementor-align-center elementor-widget elementor-widget-button\" data-id=\"09c0af9\" data-element_type=\"widget\" data-e-type=\"widget\" data-widget_type=\"button.default\">\n\t\t\t\t\t\t\t\t\t\t<a class=\"elementor-button elementor-button-link elementor-size-sm\" href=\"#\">\n\t\t\t\t\t\t<span class=\"elementor-button-content-wrapper\">\n\t\t\t\t\t\t\t\t\t<span class=\"elementor-button-text\">ver pagina<\/span>\n\t\t\t\t\t<\/span>\n\t\t\t\t\t<\/a>\n\t\t\t\t\t\t\t\t<\/div>\n\t\t\t\t<\/div>\n\t\t<div class=\"elementor-element elementor-element-be682aa e-con-full e-flex e-con e-child\" data-id=\"be682aa\" data-element_type=\"container\" data-e-type=\"container\">\n\t\t\t\t<div class=\"elementor-element elementor-element-4f50f2e elementor-invisible elementor-widget elementor-widget-image\" data-id=\"4f50f2e\" data-element_type=\"widget\" data-e-type=\"widget\" data-settings=\"{&quot;_animation&quot;:&quot;fadeInUp&quot;}\" data-widget_type=\"image.default\">\n\t\t\t\t\t\t\t\t\t\t\t\t\t\t\t<img decoding=\"async\" width=\"1024\" height=\"1024\" src=\"https:\/\/gandulcreations.com\/wp-content\/uploads\/2026\/03\/image-9-1.png\" class=\"attachment-large size-large wp-image-1878\" alt=\"\" srcset=\"https:\/\/gandulcreations.com\/wp-content\/uploads\/2026\/03\/image-9-1.png 1024w, https:\/\/gandulcreations.com\/wp-content\/uploads\/2026\/03\/image-9-1-300x300.png 300w, https:\/\/gandulcreations.com\/wp-content\/uploads\/2026\/03\/image-9-1-150x150.png 150w, https:\/\/gandulcreations.com\/wp-content\/uploads\/2026\/03\/image-9-1-768x768.png 768w, https:\/\/gandulcreations.com\/wp-content\/uploads\/2026\/03\/image-9-1-24x24.png 24w, https:\/\/gandulcreations.com\/wp-content\/uploads\/2026\/03\/image-9-1-36x36.png 36w, https:\/\/gandulcreations.com\/wp-content\/uploads\/2026\/03\/image-9-1-48x48.png 48w\" sizes=\"(max-width: 1024px) 100vw, 1024px\" \/>\t\t\t\t\t\t\t\t\t\t\t\t\t\t\t<\/div>\n\t\t\t\t<div class=\"elementor-element elementor-element-213c459 elementor-align-center elementor-widget elementor-widget-button\" data-id=\"213c459\" data-element_type=\"widget\" data-e-type=\"widget\" data-widget_type=\"button.default\">\n\t\t\t\t\t\t\t\t\t\t<a class=\"elementor-button elementor-button-link elementor-size-sm\" href=\"#\">\n\t\t\t\t\t\t<span class=\"elementor-button-content-wrapper\">\n\t\t\t\t\t\t\t\t\t<span class=\"elementor-button-text\">ver pagina<\/span>\n\t\t\t\t\t<\/span>\n\t\t\t\t\t<\/a>\n\t\t\t\t\t\t\t\t<\/div>\n\t\t\t\t<\/div>\n\t\t<div class=\"elementor-element elementor-element-e874ff4 e-con-full e-flex e-con e-child\" data-id=\"e874ff4\" data-element_type=\"container\" data-e-type=\"container\">\n\t\t\t\t<div class=\"elementor-element elementor-element-43cde63 elementor-invisible elementor-widget elementor-widget-image\" data-id=\"43cde63\" data-element_type=\"widget\" data-e-type=\"widget\" data-settings=\"{&quot;_animation&quot;:&quot;fadeInUp&quot;}\" data-widget_type=\"image.default\">\n\t\t\t\t\t\t\t\t\t\t\t\t\t\t\t<img loading=\"lazy\" decoding=\"async\" width=\"1024\" height=\"1024\" src=\"https:\/\/gandulcreations.com\/wp-content\/uploads\/2026\/03\/ChatGPT-Image-30-mar-2026-04_38_49-p.m.png\" class=\"attachment-large size-large wp-image-1880\" alt=\"\" srcset=\"https:\/\/gandulcreations.com\/wp-content\/uploads\/2026\/03\/ChatGPT-Image-30-mar-2026-04_38_49-p.m.png 1024w, https:\/\/gandulcreations.com\/wp-content\/uploads\/2026\/03\/ChatGPT-Image-30-mar-2026-04_38_49-p.m-300x300.png 300w, https:\/\/gandulcreations.com\/wp-content\/uploads\/2026\/03\/ChatGPT-Image-30-mar-2026-04_38_49-p.m-150x150.png 150w, https:\/\/gandulcreations.com\/wp-content\/uploads\/2026\/03\/ChatGPT-Image-30-mar-2026-04_38_49-p.m-768x768.png 768w, https:\/\/gandulcreations.com\/wp-content\/uploads\/2026\/03\/ChatGPT-Image-30-mar-2026-04_38_49-p.m-24x24.png 24w, https:\/\/gandulcreations.com\/wp-content\/uploads\/2026\/03\/ChatGPT-Image-30-mar-2026-04_38_49-p.m-36x36.png 36w, https:\/\/gandulcreations.com\/wp-content\/uploads\/2026\/03\/ChatGPT-Image-30-mar-2026-04_38_49-p.m-48x48.png 48w\" sizes=\"(max-width: 1024px) 100vw, 1024px\" \/>\t\t\t\t\t\t\t\t\t\t\t\t\t\t\t<\/div>\n\t\t\t\t<div class=\"elementor-element elementor-element-dd3b55f elementor-align-center elementor-widget elementor-widget-button\" data-id=\"dd3b55f\" data-element_type=\"widget\" data-e-type=\"widget\" data-widget_type=\"button.default\">\n\t\t\t\t\t\t\t\t\t\t<a class=\"elementor-button elementor-button-link elementor-size-sm\" href=\"#\">\n\t\t\t\t\t\t<span class=\"elementor-button-content-wrapper\">\n\t\t\t\t\t\t\t\t\t<span class=\"elementor-button-text\">ver pagina<\/span>\n\t\t\t\t\t<\/span>\n\t\t\t\t\t<\/a>\n\t\t\t\t\t\t\t\t<\/div>\n\t\t\t\t<\/div>\n\t\t\t\t\t<\/div>\n\t\t\t\t<\/div>\n\t\t<div class=\"elementor-element elementor-element-764ddaf5 e-flex e-con-boxed e-con e-parent\" data-id=\"764ddaf5\" data-element_type=\"container\" data-e-type=\"container\" data-settings=\"{&quot;background_background&quot;:&quot;classic&quot;}\">\n\t\t\t\t\t<div class=\"e-con-inner\">\n\t\t\t\t<div class=\"elementor-element elementor-element-201ab890 elementor-invisible elementor-widget elementor-widget-heading\" data-id=\"201ab890\" data-element_type=\"widget\" data-e-type=\"widget\" data-settings=\"{&quot;_animation&quot;:&quot;zoomInUp&quot;}\" data-widget_type=\"heading.default\">\n\t\t\t\t\t<h1 class=\"elementor-heading-title elementor-size-default\">\u201cHaz que tu marca destaque en el mundo digital.\u201d<\/h1>\t\t\t\t<\/div>\n\t\t\t\t<div class=\"elementor-element elementor-element-608839d7 elementor-align-center elementor-widget elementor-widget-button\" data-id=\"608839d7\" data-element_type=\"widget\" data-e-type=\"widget\" data-widget_type=\"button.default\">\n\t\t\t\t\t\t\t\t\t\t<a class=\"elementor-button elementor-button-link elementor-size-sm\" href=\"https:\/\/library.elementor.com\/local-services-wireframe-1\/contact\/\">\n\t\t\t\t\t\t<span class=\"elementor-button-content-wrapper\">\n\t\t\t\t\t\t\t\t\t<span class=\"elementor-button-text\">\u00a1Cotiza tu pagina ahora!<\/span>\n\t\t\t\t\t<\/span>\n\t\t\t\t\t<\/a>\n\t\t\t\t\t\t\t\t<\/div>\n\t\t\t\t\t<\/div>\n\t\t\t\t<\/div>\n\t\t\t\t<\/div>\n\t\t","protected":false},"excerpt":{"rendered":"<p>WELCOME TO OUR WEBSITE Paginas web Contact us Dise\u00f1os web que eleva tu marca Creamos p\u00e1ginas web atractivas, r\u00e1pidas y [&hellip;]<\/p>\n","protected":false},"author":1,"featured_media":0,"parent":0,"menu_order":0,"comment_status":"closed","ping_status":"closed","template":"","meta":{"_crdt_document":"","site-sidebar-layout":"no-sidebar","site-content-layout":"","ast-site-content-layout":"full-width-container","site-content-style":"default","site-sidebar-style":"default","ast-global-header-display":"","ast-banner-title-visibility":"","ast-main-header-display":"","ast-hfb-above-header-display":"","ast-hfb-below-header-display":"","ast-hfb-mobile-header-display":"","site-post-title":"disabled","ast-breadcrumbs-content":"","ast-featured-img":"disabled","footer-sml-layout":"","ast-disable-related-posts":"","theme-transparent-header-meta":"","adv-header-id-meta":"","stick-header-meta":"","header-above-stick-meta":"","header-main-stick-meta":"","header-below-stick-meta":"","astra-migrate-meta-layouts":"default","ast-page-background-enabled":"default","ast-page-background-meta":{"desktop":{"background-color":"var(--ast-global-color-5)","background-image":"","background-repeat":"repeat","background-position":"center center","background-size":"auto","background-attachment":"scroll","background-type":"","background-media":"","overlay-type":"","overlay-color":"","overlay-opacity":"","overlay-gradient":""},"tablet":{"background-color":"","background-image":"","background-repeat":"repeat","background-position":"center center","background-size":"auto","background-attachment":"scroll","background-type":"","background-media":"","overlay-type":"","overlay-color":"","overlay-opacity":"","overlay-gradient":""},"mobile":{"background-color":"","background-image":"","background-repeat":"repeat","background-position":"center center","background-size":"auto","background-attachment":"scroll","background-type":"","background-media":"","overlay-type":"","overlay-color":"","overlay-opacity":"","overlay-gradient":""}},"ast-content-background-meta":{"desktop":{"background-color":"var(--ast-global-color-4)","background-image":"","background-repeat":"repeat","background-position":"center center","background-size":"auto","background-attachment":"scroll","background-type":"","background-media":"","overlay-type":"","overlay-color":"","overlay-opacity":"","overlay-gradient":""},"tablet":{"background-color":"var(--ast-global-color-4)","background-image":"","background-repeat":"repeat","background-position":"center center","background-size":"auto","background-attachment":"scroll","background-type":"","background-media":"","overlay-type":"","overlay-color":"","overlay-opacity":"","overlay-gradient":""},"mobile":{"background-color":"var(--ast-global-color-4)","background-image":"","background-repeat":"repeat","background-position":"center center","background-size":"auto","background-attachment":"scroll","background-type":"","background-media":"","overlay-type":"","overlay-color":"","overlay-opacity":"","overlay-gradient":""}},"_joinchat":[],"footnotes":""},"class_list":["post-1548","page","type-page","status-publish","hentry"],"_hostinger_reach_plugin_has_subscription_block":false,"_hostinger_reach_plugin_is_elementor":false,"_links":{"self":[{"href":"https:\/\/gandulcreations.com\/index.php?rest_route=\/wp\/v2\/pages\/1548","targetHints":{"allow":["GET"]}}],"collection":[{"href":"https:\/\/gandulcreations.com\/index.php?rest_route=\/wp\/v2\/pages"}],"about":[{"href":"https:\/\/gandulcreations.com\/index.php?rest_route=\/wp\/v2\/types\/page"}],"author":[{"embeddable":true,"href":"https:\/\/gandulcreations.com\/index.php?rest_route=\/wp\/v2\/users\/1"}],"replies":[{"embeddable":true,"href":"https:\/\/gandulcreations.com\/index.php?rest_route=%2Fwp%2Fv2%2Fcomments&post=1548"}],"version-history":[{"count":22,"href":"https:\/\/gandulcreations.com\/index.php?rest_route=\/wp\/v2\/pages\/1548\/revisions"}],"predecessor-version":[{"id":1895,"href":"https:\/\/gandulcreations.com\/index.php?rest_route=\/wp\/v2\/pages\/1548\/revisions\/1895"}],"wp:attachment":[{"href":"https:\/\/gandulcreations.com\/index.php?rest_route=%2Fwp%2Fv2%2Fmedia&parent=1548"}],"curies":[{"name":"wp","href":"https:\/\/api.w.org\/{rel}","templated":true}]}}