{"id":1553,"date":"2026-03-09T19:57:13","date_gmt":"2026-03-09T19:57:13","guid":{"rendered":"https:\/\/gandulcreations.com\/?page_id=1553"},"modified":"2026-03-31T17:34:16","modified_gmt":"2026-03-31T17:34:16","slug":"videos-de-emprendimiento","status":"publish","type":"page","link":"https:\/\/gandulcreations.com\/?page_id=1553","title":{"rendered":"Videos de Emprendimiento"},"content":{"rendered":"\t\t<div data-elementor-type=\"wp-page\" data-elementor-id=\"1553\" class=\"elementor elementor-1553\">\n\t\t\t\t<div class=\"elementor-element elementor-element-33711bd3 e-flex e-con-boxed e-con e-parent\" data-id=\"33711bd3\" data-element_type=\"container\" data-e-type=\"container\" data-settings=\"{&quot;background_background&quot;:&quot;classic&quot;}\">\n\t\t\t\t\t<div class=\"e-con-inner\">\n\t\t\t\t<div class=\"elementor-element elementor-element-4f6c15f1 elementor-widget elementor-widget-heading\" data-id=\"4f6c15f1\" data-element_type=\"widget\" data-e-type=\"widget\" data-widget_type=\"heading.default\">\n\t\t\t\t\t<h6 class=\"elementor-heading-title elementor-size-default\">WELCOME TO OUR WEBSITE<\/h6>\t\t\t\t<\/div>\n\t\t\t\t<div class=\"elementor-element elementor-element-465c2849 elementor-widget elementor-widget-heading\" data-id=\"465c2849\" data-element_type=\"widget\" data-e-type=\"widget\" data-widget_type=\"heading.default\">\n\t\t\t\t\t<h1 class=\"elementor-heading-title elementor-size-default\">Todo empezo con una idea<\/h1>\t\t\t\t<\/div>\n\t\t\t\t<div class=\"elementor-element elementor-element-7305aaaf elementor-align-center elementor-widget elementor-widget-button\" data-id=\"7305aaaf\" data-element_type=\"widget\" data-e-type=\"widget\" data-widget_type=\"button.default\">\n\t\t\t\t\t\t\t\t\t\t<a class=\"elementor-button elementor-button-link elementor-size-sm\" href=\"https:\/\/library.elementor.com\/local-services-wireframe-1\/contact\/\">\n\t\t\t\t\t\t<span class=\"elementor-button-content-wrapper\">\n\t\t\t\t\t\t\t\t\t<span class=\"elementor-button-text\">Contact us<\/span>\n\t\t\t\t\t<\/span>\n\t\t\t\t\t<\/a>\n\t\t\t\t\t\t\t\t<\/div>\n\t\t\t\t\t<\/div>\n\t\t\t\t<\/div>\n\t\t<div class=\"elementor-element elementor-element-40a8870 e-flex e-con-boxed e-con e-parent\" data-id=\"40a8870\" data-element_type=\"container\" data-e-type=\"container\" data-settings=\"{&quot;background_background&quot;:&quot;classic&quot;}\">\n\t\t\t\t\t<div class=\"e-con-inner\">\n\t\t<div class=\"elementor-element elementor-element-5726608 e-con-full e-flex elementor-invisible e-con e-child\" data-id=\"5726608\" data-element_type=\"container\" data-e-type=\"container\" data-settings=\"{&quot;animation&quot;:&quot;rotateInDownLeft&quot;}\">\n\t\t\t\t<div class=\"elementor-element elementor-element-5cdf15c elementor-widget__width-initial elementor-widget elementor-widget-video\" data-id=\"5cdf15c\" data-element_type=\"widget\" data-e-type=\"widget\" data-settings=\"{&quot;video_type&quot;:&quot;hosted&quot;,&quot;controls&quot;:&quot;yes&quot;}\" data-widget_type=\"video.default\">\n\t\t\t\t\t\t\t<div class=\"e-hosted-video elementor-wrapper elementor-open-inline\">\n\t\t\t\t\t<video class=\"elementor-video\" src=\"https:\/\/gandulcreations.com\/wp-content\/uploads\/2026\/03\/WhatsApp-Video-2026-03-31-at-11.45.57-AM.mp4\" controls=\"\" preload=\"metadata\" controlsList=\"nodownload\"><\/video>\n\t\t\t\t<\/div>\n\t\t\t\t\t\t<\/div>\n\t\t\t\t<\/div>\n\t\t<div class=\"elementor-element elementor-element-dfbd478 e-con-full e-flex elementor-invisible e-con e-child\" data-id=\"dfbd478\" data-element_type=\"container\" data-e-type=\"container\" data-settings=\"{&quot;animation&quot;:&quot;rotateInUpLeft&quot;}\">\n\t\t\t\t<div class=\"elementor-element elementor-element-c0ae26f elementor-widget elementor-widget-heading\" data-id=\"c0ae26f\" data-element_type=\"widget\" data-e-type=\"widget\" data-widget_type=\"heading.default\">\n\t\t\t\t\t<h2 class=\"elementor-heading-title elementor-size-default\">Gandul Creations<\/h2>\t\t\t\t<\/div>\n\t\t\t\t<div class=\"elementor-element elementor-element-74406dd elementor-widget elementor-widget-text-editor\" data-id=\"74406dd\" data-element_type=\"widget\" data-e-type=\"widget\" data-widget_type=\"text-editor.default\">\n\t\t\t\t\t\t\t\t\t<p data-start=\"76\" data-end=\"293\">En un peque\u00f1o rinc\u00f3n donde las ideas parec\u00edan simples sue\u00f1os, naci\u00f3 <strong data-start=\"144\" data-end=\"164\">Gandul Creations<\/strong>. No empez\u00f3 con grandes m\u00e1quinas ni con un local enorme\u2026 empez\u00f3 con algo m\u00e1s poderoso: creatividad, ganas y una visi\u00f3n diferente.<\/p>\n<p data-start=\"295\" data-end=\"499\">Al principio, eran solo pruebas: maquetas hechas con paciencia, dise\u00f1os que sal\u00edan entre risas y errores, y videos grabados con lo que hab\u00eda a la mano. Pero cada intento ten\u00eda algo especial\u2026 autenticidad.<\/p>\n<p data-start=\"501\" data-end=\"741\">Poco a poco, lo que empez\u00f3 como un pasatiempo se convirti\u00f3 en una marca. Las personas comenzaron a notar ese estilo \u00fanico, ese toque creativo que no se encontraba en cualquier lugar. Cada maqueta, cada idea, cada video contaba una historia.<\/p>\t\t\t\t\t\t\t\t<\/div>\n\t\t\t\t<\/div>\n\t\t\t\t\t<\/div>\n\t\t\t\t<\/div>\n\t\t<div class=\"elementor-element elementor-element-70fa450 e-flex e-con-boxed e-con e-parent\" data-id=\"70fa450\" data-element_type=\"container\" data-e-type=\"container\" data-settings=\"{&quot;background_background&quot;:&quot;classic&quot;}\">\n\t\t\t\t\t<div class=\"e-con-inner\">\n\t\t<div class=\"elementor-element elementor-element-2fc6713 e-con-full e-flex elementor-invisible e-con e-child\" data-id=\"2fc6713\" data-element_type=\"container\" data-e-type=\"container\" data-settings=\"{&quot;animation&quot;:&quot;fadeInUp&quot;}\">\n\t\t\t\t<div class=\"elementor-element elementor-element-e33375d elementor-widget elementor-widget-heading\" data-id=\"e33375d\" data-element_type=\"widget\" data-e-type=\"widget\" data-widget_type=\"heading.default\">\n\t\t\t\t\t<h2 class=\"elementor-heading-title elementor-size-default\">Nuestra Mision <\/h2>\t\t\t\t<\/div>\n\t\t\t\t<div class=\"elementor-element elementor-element-c17538f elementor-widget elementor-widget-text-editor\" data-id=\"c17538f\" data-element_type=\"widget\" data-e-type=\"widget\" data-widget_type=\"text-editor.default\">\n\t\t\t\t\t\t\t\t\t<p data-start=\"122\" data-end=\"502\">En Gandul Creations, nuestra misi\u00f3n es brindar servicios creativos y de alta calidad en la elaboraci\u00f3n de maquetas, impresiones y trabajos personalizados, enfocados en satisfacer las necesidades acad\u00e9micas y personales de nuestros clientes. Nos comprometemos a trabajar con responsabilidad, dedicaci\u00f3n y atenci\u00f3n al detalle, garantizando resultados que superen las expectativas.<\/p><p data-start=\"122\" data-end=\"502\"><span style=\"font-style: inherit; font-weight: inherit;\">Buscamos convertir cada idea en una creaci\u00f3n \u00fanica, accesible y bien elaborada, manteniendo siempre precios justos y tiempos de entrega eficientes. Adem\u00e1s, fomentamos la innovaci\u00f3n constante y el crecimiento de nuestro emprendimiento, con el objetivo de posicionarnos como una opci\u00f3n confiable y reconocida en el mercado<\/span><\/p>\t\t\t\t\t\t\t\t<\/div>\n\t\t\t\t<\/div>\n\t\t<div class=\"elementor-element elementor-element-29e107f e-con-full e-flex elementor-invisible e-con e-child\" data-id=\"29e107f\" data-element_type=\"container\" data-e-type=\"container\" data-settings=\"{&quot;animation&quot;:&quot;fadeInUp&quot;}\">\n\t\t\t\t<div class=\"elementor-element elementor-element-765a0bc elementor-widget elementor-widget-image\" data-id=\"765a0bc\" data-element_type=\"widget\" data-e-type=\"widget\" data-widget_type=\"image.default\">\n\t\t\t\t\t\t\t\t\t\t\t\t\t\t\t<img fetchpriority=\"high\" decoding=\"async\" width=\"500\" height=\"500\" src=\"https:\/\/gandulcreations.com\/wp-content\/uploads\/2026\/03\/Logo-Salon-de-Unas-Moderno-Morado-1-2.png\" class=\"attachment-large size-large wp-image-1870\" alt=\"\" srcset=\"https:\/\/gandulcreations.com\/wp-content\/uploads\/2026\/03\/Logo-Salon-de-Unas-Moderno-Morado-1-2.png 500w, https:\/\/gandulcreations.com\/wp-content\/uploads\/2026\/03\/Logo-Salon-de-Unas-Moderno-Morado-1-2-300x300.png 300w, https:\/\/gandulcreations.com\/wp-content\/uploads\/2026\/03\/Logo-Salon-de-Unas-Moderno-Morado-1-2-150x150.png 150w, https:\/\/gandulcreations.com\/wp-content\/uploads\/2026\/03\/Logo-Salon-de-Unas-Moderno-Morado-1-2-24x24.png 24w, https:\/\/gandulcreations.com\/wp-content\/uploads\/2026\/03\/Logo-Salon-de-Unas-Moderno-Morado-1-2-36x36.png 36w, https:\/\/gandulcreations.com\/wp-content\/uploads\/2026\/03\/Logo-Salon-de-Unas-Moderno-Morado-1-2-48x48.png 48w\" sizes=\"(max-width: 500px) 100vw, 500px\" \/>\t\t\t\t\t\t\t\t\t\t\t\t\t\t\t<\/div>\n\t\t\t\t<\/div>\n\t\t\t\t\t<\/div>\n\t\t\t\t<\/div>\n\t\t<div class=\"elementor-element elementor-element-567a8b76 e-flex e-con-boxed e-con e-parent\" data-id=\"567a8b76\" data-element_type=\"container\" data-e-type=\"container\" data-settings=\"{&quot;background_background&quot;:&quot;classic&quot;}\">\n\t\t\t\t\t<div class=\"e-con-inner\">\n\t\t<div class=\"elementor-element elementor-element-1a3a3d8c e-flex e-con-boxed e-con e-child\" data-id=\"1a3a3d8c\" data-element_type=\"container\" data-e-type=\"container\">\n\t\t\t\t\t<div class=\"e-con-inner\">\n\t\t\t\t<div class=\"elementor-element elementor-element-2b4f78c0 animated-slow elementor-invisible elementor-widget elementor-widget-heading\" data-id=\"2b4f78c0\" data-element_type=\"widget\" data-e-type=\"widget\" data-settings=\"{&quot;_animation&quot;:&quot;slideInUp&quot;}\" data-widget_type=\"heading.default\">\n\t\t\t\t\t<h2 class=\"elementor-heading-title elementor-size-default\">Total Body Fitness <\/h2>\t\t\t\t<\/div>\n\t\t\t\t<div class=\"elementor-element elementor-element-4755eb9c animated-slow elementor-invisible elementor-widget elementor-widget-heading\" data-id=\"4755eb9c\" data-element_type=\"widget\" data-e-type=\"widget\" data-settings=\"{&quot;_animation&quot;:&quot;slideInUp&quot;}\" data-widget_type=\"heading.default\">\n\t\t\t\t\t<h2 class=\"elementor-heading-title elementor-size-default\">recomendaciones<\/h2>\t\t\t\t<\/div>\n\t\t\t\t\t<\/div>\n\t\t\t\t<\/div>\n\t\t<div class=\"elementor-element elementor-element-73aa9047 e-con-full e-flex e-con e-child\" data-id=\"73aa9047\" data-element_type=\"container\" data-e-type=\"container\">\n\t\t<div class=\"elementor-element elementor-element-6af77669 e-con-full e-flex e-con e-child\" data-id=\"6af77669\" data-element_type=\"container\" data-e-type=\"container\">\n\t\t\t\t<div class=\"elementor-element elementor-element-1dc38693 elementor-widget elementor-widget-heading\" data-id=\"1dc38693\" data-element_type=\"widget\" data-e-type=\"widget\" data-widget_type=\"heading.default\">\n\t\t\t\t\t<h3 class=\"elementor-heading-title elementor-size-default\">No esperes a la perfecci\u00f3n<\/h3>\t\t\t\t<\/div>\n\t\t\t\t<div class=\"elementor-element elementor-element-2a5f3cdf elementor-widget elementor-widget-image-box\" data-id=\"2a5f3cdf\" data-element_type=\"widget\" data-e-type=\"widget\" data-widget_type=\"image-box.default\">\n\t\t\t\t\t<div class=\"elementor-image-box-wrapper\"><div class=\"elementor-image-box-content\"><p class=\"elementor-image-box-description\">Esperar el momento perfecto solo retrasa tus metas. Es mejor empezar con lo que sabes y mejorar en el proceso.<\/p><\/div><\/div>\t\t\t\t<\/div>\n\t\t\t\t<\/div>\n\t\t<div class=\"elementor-element elementor-element-1d6b9bbf e-con-full e-flex e-con e-child\" data-id=\"1d6b9bbf\" data-element_type=\"container\" data-e-type=\"container\">\n\t\t\t\t<div class=\"elementor-element elementor-element-13a4451e elementor-widget elementor-widget-heading\" data-id=\"13a4451e\" data-element_type=\"widget\" data-e-type=\"widget\" data-widget_type=\"heading.default\">\n\t\t\t\t\t<h3 class=\"elementor-heading-title elementor-size-default\">S\u00e9 constante<\/h3>\t\t\t\t<\/div>\n\t\t\t\t<div class=\"elementor-element elementor-element-6677ed25 elementor-widget elementor-widget-image-box\" data-id=\"6677ed25\" data-element_type=\"widget\" data-e-type=\"widget\" data-widget_type=\"image-box.default\">\n\t\t\t\t\t<div class=\"elementor-image-box-wrapper\"><div class=\"elementor-image-box-content\"><p class=\"elementor-image-box-description\">El \u00e9xito no llega de un d\u00eda a otro. La constancia y el esfuerzo diario son clave para lograr resultados.<\/p><\/div><\/div>\t\t\t\t<\/div>\n\t\t\t\t<\/div>\n\t\t<div class=\"elementor-element elementor-element-6d5afac7 e-con-full e-flex e-con e-child\" data-id=\"6d5afac7\" data-element_type=\"container\" data-e-type=\"container\">\n\t\t\t\t<div class=\"elementor-element elementor-element-61a67315 elementor-widget elementor-widget-heading\" data-id=\"61a67315\" data-element_type=\"widget\" data-e-type=\"widget\" data-widget_type=\"heading.default\">\n\t\t\t\t\t<h3 class=\"elementor-heading-title elementor-size-default\">Usa las redes sociales<\/h3>\t\t\t\t<\/div>\n\t\t\t\t<div class=\"elementor-element elementor-element-52273da0 elementor-widget elementor-widget-image-box\" data-id=\"52273da0\" data-element_type=\"widget\" data-e-type=\"widget\" data-widget_type=\"image-box.default\">\n\t\t\t\t\t<div class=\"elementor-image-box-wrapper\"><div class=\"elementor-image-box-content\"><p class=\"elementor-image-box-description\">Las redes sociales son una herramienta poderosa para dar a conocer tu trabajo sin necesidad de invertir mucho dinero.<\/p><\/div><\/div>\t\t\t\t<\/div>\n\t\t\t\t<\/div>\n\t\t\t\t<\/div>\n\t\t\t\t\t<\/div>\n\t\t\t\t<\/div>\n\t\t\t\t<\/div>\n\t\t","protected":false},"excerpt":{"rendered":"<p>WELCOME TO OUR WEBSITE Todo empezo con una idea Contact us https:\/\/gandulcreations.com\/wp-content\/uploads\/2026\/03\/WhatsApp-Video-2026-03-31-at-11.45.57-AM.mp4 Gandul Creations En un peque\u00f1o rinc\u00f3n donde las [&hellip;]<\/p>\n","protected":false},"author":1,"featured_media":0,"parent":0,"menu_order":0,"comment_status":"closed","ping_status":"closed","template":"","meta":{"_crdt_document":"","site-sidebar-layout":"no-sidebar","site-content-layout":"","ast-site-content-layout":"full-width-container","site-content-style":"default","site-sidebar-style":"default","ast-global-header-display":"","ast-banner-title-visibility":"","ast-main-header-display":"","ast-hfb-above-header-display":"","ast-hfb-below-header-display":"","ast-hfb-mobile-header-display":"","site-post-title":"","ast-breadcrumbs-content":"","ast-featured-img":"disabled","footer-sml-layout":"","ast-disable-related-posts":"","theme-transparent-header-meta":"","adv-header-id-meta":"","stick-header-meta":"","header-above-stick-meta":"","header-main-stick-meta":"","header-below-stick-meta":"","astra-migrate-meta-layouts":"default","ast-page-background-enabled":"default","ast-page-background-meta":{"desktop":{"background-color":"var(--ast-global-color-5)","background-image":"","background-repeat":"repeat","background-position":"center center","background-size":"auto","background-attachment":"scroll","background-type":"","background-media":"","overlay-type":"","overlay-color":"","overlay-opacity":"","overlay-gradient":""},"tablet":{"background-color":"","background-image":"","background-repeat":"repeat","background-position":"center center","background-size":"auto","background-attachment":"scroll","background-type":"","background-media":"","overlay-type":"","overlay-color":"","overlay-opacity":"","overlay-gradient":""},"mobile":{"background-color":"","background-image":"","background-repeat":"repeat","background-position":"center center","background-size":"auto","background-attachment":"scroll","background-type":"","background-media":"","overlay-type":"","overlay-color":"","overlay-opacity":"","overlay-gradient":""}},"ast-content-background-meta":{"desktop":{"background-color":"var(--ast-global-color-4)","background-image":"","background-repeat":"repeat","background-position":"center center","background-size":"auto","background-attachment":"scroll","background-type":"","background-media":"","overlay-type":"","overlay-color":"","overlay-opacity":"","overlay-gradient":""},"tablet":{"background-color":"var(--ast-global-color-4)","background-image":"","background-repeat":"repeat","background-position":"center center","background-size":"auto","background-attachment":"scroll","background-type":"","background-media":"","overlay-type":"","overlay-color":"","overlay-opacity":"","overlay-gradient":""},"mobile":{"background-color":"var(--ast-global-color-4)","background-image":"","background-repeat":"repeat","background-position":"center center","background-size":"auto","background-attachment":"scroll","background-type":"","background-media":"","overlay-type":"","overlay-color":"","overlay-opacity":"","overlay-gradient":""}},"_joinchat":[],"footnotes":""},"class_list":["post-1553","page","type-page","status-publish","hentry"],"_hostinger_reach_plugin_has_subscription_block":false,"_hostinger_reach_plugin_is_elementor":false,"_links":{"self":[{"href":"https:\/\/gandulcreations.com\/index.php?rest_route=\/wp\/v2\/pages\/1553","targetHints":{"allow":["GET"]}}],"collection":[{"href":"https:\/\/gandulcreations.com\/index.php?rest_route=\/wp\/v2\/pages"}],"about":[{"href":"https:\/\/gandulcreations.com\/index.php?rest_route=\/wp\/v2\/types\/page"}],"author":[{"embeddable":true,"href":"https:\/\/gandulcreations.com\/index.php?rest_route=\/wp\/v2\/users\/1"}],"replies":[{"embeddable":true,"href":"https:\/\/gandulcreations.com\/index.php?rest_route=%2Fwp%2Fv2%2Fcomments&post=1553"}],"version-history":[{"count":4,"href":"https:\/\/gandulcreations.com\/index.php?rest_route=\/wp\/v2\/pages\/1553\/revisions"}],"predecessor-version":[{"id":1969,"href":"https:\/\/gandulcreations.com\/index.php?rest_route=\/wp\/v2\/pages\/1553\/revisions\/1969"}],"wp:attachment":[{"href":"https:\/\/gandulcreations.com\/index.php?rest_route=%2Fwp%2Fv2%2Fmedia&parent=1553"}],"curies":[{"name":"wp","href":"https:\/\/api.w.org\/{rel}","templated":true}]}}