{"id":184,"date":"2026-02-06T14:14:00","date_gmt":"2026-02-06T14:14:00","guid":{"rendered":"https:\/\/gandulcreations.com\/?page_id=184"},"modified":"2026-03-31T11:55:55","modified_gmt":"2026-03-31T11:55:55","slug":"vlogs","status":"publish","type":"page","link":"https:\/\/gandulcreations.com\/?page_id=184","title":{"rendered":"Blogs"},"content":{"rendered":"\t\t<div data-elementor-type=\"wp-page\" data-elementor-id=\"184\" class=\"elementor elementor-184\">\n\t\t\t\t<div class=\"elementor-element elementor-element-2e006e7b e-con-full e-flex e-con e-parent\" data-id=\"2e006e7b\" data-element_type=\"container\" data-e-type=\"container\" data-settings=\"{&quot;background_background&quot;:&quot;classic&quot;}\">\n\t\t\t\t<div class=\"elementor-element elementor-element-7fa89d24 elementor-widget elementor-widget-heading\" data-id=\"7fa89d24\" data-element_type=\"widget\" data-e-type=\"widget\" data-widget_type=\"heading.default\">\n\t\t\t\t\t<h1 class=\"elementor-heading-title elementor-size-default\">Articulos Gandul<\/h1>\t\t\t\t<\/div>\n\t\t\t\t<\/div>\n\t\t<div class=\"elementor-element elementor-element-12b989b e-con-full e-flex e-con e-parent\" data-id=\"12b989b\" data-element_type=\"container\" data-e-type=\"container\">\n\t\t\t\t<div class=\"elementor-element elementor-element-49f82c6 elementor-widget elementor-widget-heading\" data-id=\"49f82c6\" data-element_type=\"widget\" data-e-type=\"widget\" data-widget_type=\"heading.default\">\n\t\t\t\t\t<h2 class=\"elementor-heading-title elementor-size-default\">Actualidad<\/h2>\t\t\t\t<\/div>\n\t\t\t\t<div class=\"elementor-element elementor-element-aa5715e elementor-widget elementor-widget-heading\" data-id=\"aa5715e\" data-element_type=\"widget\" data-e-type=\"widget\" data-widget_type=\"heading.default\">\n\t\t\t\t\t<h2 class=\"elementor-heading-title elementor-size-default\">Un sitio web capaz de rastrear todas las im\u00e1genes tuyas que circulan en internet<\/h2>\t\t\t\t<\/div>\n\t\t\t\t<div class=\"elementor-element elementor-element-9ef75c9 elementor-widget__width-initial elementor-widget elementor-widget-image\" data-id=\"9ef75c9\" data-element_type=\"widget\" data-e-type=\"widget\" data-widget_type=\"image.default\">\n\t\t\t\t\t\t\t\t\t\t\t\t\t\t\t<img fetchpriority=\"high\" decoding=\"async\" width=\"1024\" height=\"626\" src=\"https:\/\/gandulcreations.com\/wp-content\/uploads\/2026\/02\/Geolocalizacion-1024x626.jpeg\" class=\"attachment-large size-large wp-image-376\" alt=\"\" srcset=\"https:\/\/gandulcreations.com\/wp-content\/uploads\/2026\/02\/Geolocalizacion-1024x626.jpeg 1024w, https:\/\/gandulcreations.com\/wp-content\/uploads\/2026\/02\/Geolocalizacion-300x183.jpeg 300w, https:\/\/gandulcreations.com\/wp-content\/uploads\/2026\/02\/Geolocalizacion-768x469.jpeg 768w, https:\/\/gandulcreations.com\/wp-content\/uploads\/2026\/02\/Geolocalizacion-1536x939.jpeg 1536w, https:\/\/gandulcreations.com\/wp-content\/uploads\/2026\/02\/Geolocalizacion.jpeg 1600w\" sizes=\"(max-width: 1024px) 100vw, 1024px\" \/>\t\t\t\t\t\t\t\t\t\t\t\t\t\t\t<\/div>\n\t\t\t\t<\/div>\n\t\t<div class=\"elementor-element elementor-element-6ac4eaf e-con-full e-flex e-con e-parent\" data-id=\"6ac4eaf\" data-element_type=\"container\" data-e-type=\"container\">\n\t\t\t\t<div class=\"elementor-element elementor-element-7e28bc5 e-transform elementor-widget__width-initial elementor-widget elementor-widget-text-editor\" data-id=\"7e28bc5\" data-element_type=\"widget\" data-e-type=\"widget\" data-settings=\"{&quot;_animation&quot;:&quot;none&quot;,&quot;_transform_rotateZ_effect&quot;:{&quot;unit&quot;:&quot;px&quot;,&quot;size&quot;:0,&quot;sizes&quot;:[]},&quot;_transform_rotateZ_effect_tablet&quot;:{&quot;unit&quot;:&quot;deg&quot;,&quot;size&quot;:&quot;&quot;,&quot;sizes&quot;:[]},&quot;_transform_rotateZ_effect_mobile&quot;:{&quot;unit&quot;:&quot;deg&quot;,&quot;size&quot;:&quot;&quot;,&quot;sizes&quot;:[]}}\" data-widget_type=\"text-editor.default\">\n\t\t\t\t\t\t\t\t\t<p>\u00bfPerturbador o \u00fatil? Este sitio web est\u00e1 dise\u00f1ado para encontrar todas las fotos tuyas que existan en Internet o el ciberespacio y as\u00ed es como funciona.\u00bfAlguna vez has pensado cu\u00e1ntas fotos tuyas existen en el ciberespacio, de las que posiblemente no tengas ni la menor idea? Pues aunque esto podr\u00eda ser una pregunta bastante perturbadora, te podemos asegurar que la respuesta es a\u00fan m\u00e1s perturbadora. El mundo del internet es infinito y queramos o no, estamos expuestos al d\u00eda a d\u00eda.<\/p>\t\t\t\t\t\t\t\t<\/div>\n\t\t\t\t<div class=\"elementor-element elementor-element-0916bcd elementor-widget__width-initial elementor-widget elementor-widget-text-editor\" data-id=\"0916bcd\" data-element_type=\"widget\" data-e-type=\"widget\" data-widget_type=\"text-editor.default\">\n\t\t\t\t\t\t\t\t\t<p>\u00a0La gran mayor\u00eda de personas en el planeta tiene un tel\u00e9fono inteligente en sus manos, y esto basta para que el ciberespacio acceda a muchos datos de nosotros. Lo que por supuesto, tambi\u00e9n incluye nuestra galer\u00eda de fotos. Pues recientemente se viraliz\u00f3 en internet un perturbador sitio web que puede encontrar todas las fotos que existen tuyas en internet.PimEyes: El perturbador sitio web que puede encontrar todas las fotos que hay de ti en el ciberespacio Se trata de PimEyes, un sitio web que se ha viralizado en Internet, porque promete encontrar todas y cada una de las im\u00e1genes que existen de ti en el ciberespacio.PimEyes se ha ganado el t\u00edtulo de \u201cel sitio web m\u00e1s inquietante de Internet\u201d gracias a su capacidad para buscar y encontrar im\u00e1genes de personas en l\u00ednea.<\/p>\t\t\t\t\t\t\t\t<\/div>\n\t\t\t\t<div class=\"elementor-element elementor-element-0569825 elementor-widget__width-initial elementor-widget elementor-widget-text-editor\" data-id=\"0569825\" data-element_type=\"widget\" data-e-type=\"widget\" data-widget_type=\"text-editor.default\">\n\t\t\t\t\t\t\t\t\t<p>\u00a0Basta con cargar una foto tuya en el sitio y PimEyes utiliza tecnolog\u00eda de inteligencia artificial para rastrear todo el ciberespacio en b\u00fasqueda de cualquier otra imagen que contenga tu rostro. Adem\u00e1s, los resultados son sorprendentemente veloces, ya que en tan solo uno o dos minutos puedes ver todas las fotos que existen tuyas en Internet. Para esto, PimEyes rastrea diferentes sitios web y plataformas, desde redes sociales como Facebook y LinkedIn, hasta im\u00e1genes de perfiles en p\u00e1ginas web desconocidas. Lo que para muchos es lo mejor y para otros lo m\u00e1s perturbador de todo, es que el sitio web tiene una versi\u00f3n gratuita donde ofrece una visi\u00f3n general de las im\u00e1genes encontradas. Mientras que si tus intenciones son una investigaci\u00f3n m\u00e1s exhaustiva y detallada de tus fotos en el ciberespacio. PimEyes ofrece una opci\u00f3n mejorada de pago que proporciona enlaces a cada lugar donde se encontraron las im\u00e1genes.\u00bfPerturbador o una herramienta \u00fatil? El descubrimiento de este sitio web ha abierto todo un debate en redes sociales sobre si es perturbador o realmente podr\u00eda ser una herramienta \u00fatil. Para la gran mayor\u00eda de usuarios PimEyes es un sitio web perturbador, ya que lo han descrito como \u201cel sue\u00f1o de un acosador o hacker de internet\u201d.<\/p>\t\t\t\t\t\t\t\t<\/div>\n\t\t\t\t<\/div>\n\t\t<div class=\"elementor-element elementor-element-fef1ee8 e-con-full e-flex e-con e-parent\" data-id=\"fef1ee8\" data-element_type=\"container\" data-e-type=\"container\">\n\t\t\t\t<div class=\"elementor-element elementor-element-b6d2b1c elementor-widget__width-initial elementor-widget elementor-widget-text-editor\" data-id=\"b6d2b1c\" data-element_type=\"widget\" data-e-type=\"widget\" data-widget_type=\"text-editor.default\">\n\t\t\t\t\t\t\t\t\t<p>Incluso, algunos usuarios han compartido sus experiencias con PimEyes y muchas son realmente sorprendentes. Uno mencion\u00f3 c\u00f3mo el sitio encontr\u00f3 una foto suya de cuando ten\u00eda 10 a\u00f1os. Lo que sin duda deja ver el alcance de cosas inimaginables que pueden tener nuestro rostro en internet.<\/p><p>Mientras que para otros, este sitio web puede resultar especialmente \u00fatil si deseas eliminar fotos no deseadas de la web.<\/p><p>Lo cierto es que a pesar del gran debate con opiniones divididas sobre PimEyes. Este sitio web, donde puede encontrar todas las fotos que existen tuyas en el ciberespacio, ha despertado gran curiosidad entre todos los internautas.<\/p><p>Sin duda alguna, es solo un reflejo del alcance de internet y de que nunca sabemos a d\u00f3nde van a parar los datos que compartimos. \u00bfY t\u00fa qu\u00e9 opinas de este sitio web PimEyes?<\/p>\t\t\t\t\t\t\t\t<\/div>\n\t\t\t\t<div class=\"elementor-element elementor-element-e66e346 elementor-widget__width-initial elementor-widget elementor-widget-text-editor\" data-id=\"e66e346\" data-element_type=\"widget\" data-e-type=\"widget\" data-widget_type=\"text-editor.default\">\n\t\t\t\t\t\t\t\t\t<p data-start=\"753\" data-end=\"831\"><strong data-start=\"753\" data-end=\"829\">Maquetas, audio y video: la nueva forma de presentar proyectos escolares<\/strong><\/p><p data-start=\"607\" data-end=\"674\"><strong data-start=\"607\" data-end=\"672\">Podcast educativos: cuando aprender tambi\u00e9n se puede escuchar<\/strong><\/p><p data-start=\"678\" data-end=\"749\"><strong data-start=\"192\" data-end=\"212\">Gandul Creations<\/strong> demuestra que la creatividad no tiene l\u00edmites: desde maquetas educativas hasta podcast y contenido digital que transforman ideas en proyectos reales.<\/p>\t\t\t\t\t\t\t\t<\/div>\n\t\t\t\t<\/div>\n\t\t\t\t<\/div>\n\t\t","protected":false},"excerpt":{"rendered":"<p>Articulos Gandul Actualidad Un sitio web capaz de rastrear todas las im\u00e1genes tuyas que circulan en internet \u00bfPerturbador o \u00fatil? [&hellip;]<\/p>\n","protected":false},"author":1,"featured_media":0,"parent":0,"menu_order":0,"comment_status":"closed","ping_status":"closed","template":"","meta":{"_crdt_document":"","site-sidebar-layout":"default","site-content-layout":"","ast-site-content-layout":"default","site-content-style":"default","site-sidebar-style":"default","ast-global-header-display":"","ast-banner-title-visibility":"","ast-main-header-display":"","ast-hfb-above-header-display":"","ast-hfb-below-header-display":"","ast-hfb-mobile-header-display":"","site-post-title":"disabled","ast-breadcrumbs-content":"","ast-featured-img":"","footer-sml-layout":"","ast-disable-related-posts":"","theme-transparent-header-meta":"","adv-header-id-meta":"","stick-header-meta":"","header-above-stick-meta":"","header-main-stick-meta":"","header-below-stick-meta":"","astra-migrate-meta-layouts":"default","ast-page-background-enabled":"default","ast-page-background-meta":{"desktop":{"background-color":"var(--ast-global-color-5)","background-image":"","background-repeat":"repeat","background-position":"center center","background-size":"auto","background-attachment":"scroll","background-type":"","background-media":"","overlay-type":"","overlay-color":"","overlay-opacity":"","overlay-gradient":""},"tablet":{"background-color":"","background-image":"","background-repeat":"repeat","background-position":"center center","background-size":"auto","background-attachment":"scroll","background-type":"","background-media":"","overlay-type":"","overlay-color":"","overlay-opacity":"","overlay-gradient":""},"mobile":{"background-color":"","background-image":"","background-repeat":"repeat","background-position":"center center","background-size":"auto","background-attachment":"scroll","background-type":"","background-media":"","overlay-type":"","overlay-color":"","overlay-opacity":"","overlay-gradient":""}},"ast-content-background-meta":{"desktop":{"background-color":"var(--ast-global-color-4)","background-image":"","background-repeat":"repeat","background-position":"center center","background-size":"auto","background-attachment":"scroll","background-type":"","background-media":"","overlay-type":"","overlay-color":"","overlay-opacity":"","overlay-gradient":""},"tablet":{"background-color":"var(--ast-global-color-4)","background-image":"","background-repeat":"repeat","background-position":"center center","background-size":"auto","background-attachment":"scroll","background-type":"","background-media":"","overlay-type":"","overlay-color":"","overlay-opacity":"","overlay-gradient":""},"mobile":{"background-color":"var(--ast-global-color-4)","background-image":"","background-repeat":"repeat","background-position":"center center","background-size":"auto","background-attachment":"scroll","background-type":"","background-media":"","overlay-type":"","overlay-color":"","overlay-opacity":"","overlay-gradient":""}},"_joinchat":[],"footnotes":""},"class_list":["post-184","page","type-page","status-publish","hentry"],"_hostinger_reach_plugin_has_subscription_block":false,"_hostinger_reach_plugin_is_elementor":false,"_links":{"self":[{"href":"https:\/\/gandulcreations.com\/index.php?rest_route=\/wp\/v2\/pages\/184","targetHints":{"allow":["GET"]}}],"collection":[{"href":"https:\/\/gandulcreations.com\/index.php?rest_route=\/wp\/v2\/pages"}],"about":[{"href":"https:\/\/gandulcreations.com\/index.php?rest_route=\/wp\/v2\/types\/page"}],"author":[{"embeddable":true,"href":"https:\/\/gandulcreations.com\/index.php?rest_route=\/wp\/v2\/users\/1"}],"replies":[{"embeddable":true,"href":"https:\/\/gandulcreations.com\/index.php?rest_route=%2Fwp%2Fv2%2Fcomments&post=184"}],"version-history":[{"count":104,"href":"https:\/\/gandulcreations.com\/index.php?rest_route=\/wp\/v2\/pages\/184\/revisions"}],"predecessor-version":[{"id":1901,"href":"https:\/\/gandulcreations.com\/index.php?rest_route=\/wp\/v2\/pages\/184\/revisions\/1901"}],"wp:attachment":[{"href":"https:\/\/gandulcreations.com\/index.php?rest_route=%2Fwp%2Fv2%2Fmedia&parent=184"}],"curies":[{"name":"wp","href":"https:\/\/api.w.org\/{rel}","templated":true}]}}